{"id":8997,"date":"2021-02-23T07:34:20","date_gmt":"2021-02-23T12:34:20","guid":{"rendered":"https:\/\/numeraanalytics.com\/?page_id=8997"},"modified":"2021-09-16T07:46:55","modified_gmt":"2021-09-16T11:46:55","slug":"liping-li","status":"publish","type":"page","link":"https:\/\/numeraanalytics.com\/fr\/liping-li\/","title":{"rendered":"Liping Li"},"content":{"rendered":"[vc_row type=\u00a0\u00bbfull_width_background\u00a0\u00bb full_screen_row_position=\u00a0\u00bbmiddle\u00a0\u00bb bg_color=\u00a0\u00bb#f2f2f2&Prime; scene_position=\u00a0\u00bbcenter\u00a0\u00bb text_color=\u00a0\u00bbdark\u00a0\u00bb text_align=\u00a0\u00bbleft\u00a0\u00bb overlay_strength=\u00a0\u00bb0.3&Prime;][vc_column enable_animation=\u00a0\u00bbtrue\u00a0\u00bb animation=\u00a0\u00bbfade-in-from-bottom\u00a0\u00bb column_padding=\u00a0\u00bbno-extra-padding\u00a0\u00bb column_padding_position=\u00a0\u00bball\u00a0\u00bb background_color_opacity=\u00a0\u00bb1&Prime; background_hover_color_opacity=\u00a0\u00bb1&Prime; column_shadow=\u00a0\u00bbnone\u00a0\u00bb width=\u00a0\u00bb1\/2&Prime; tablet_text_alignment=\u00a0\u00bbdefault\u00a0\u00bb phone_text_alignment=\u00a0\u00bbdefault\u00a0\u00bb column_border_width=\u00a0\u00bbnone\u00a0\u00bb column_border_style=\u00a0\u00bbsolid\u00a0\u00bb delay=\u00a0\u00bb500&Prime;]<div class=\"divider-wrap\"><div style=\"height: 100px;\" class=\"divider\"><\/div><\/div>[vc_column_text]\n<h3>Liping Li<\/h3>\n<h4>CONSEILLER S\u00c9NIOR, P\u00c9KIN<\/h4>\n<div class=\"team-desc\">\n<p>Liping a d\u00e9but\u00e9 sa carri\u00e8re au d\u00e9but des ann\u00e9es 1990 chez China International Trust and Investment Corporation (CITIC). Il a ensuite a occup\u00e9 divers postes de direction en logistique, en vente et marketing, ainsi qu\u2019en gestion des op\u00e9rations pour des multinationales publiques et priv\u00e9es en Chine et en Am\u00e9rique du Nord. Il a d\u00e9but\u00e9 comme Directeur g\u00e9n\u00e9ral de nos bureaux de P\u00e9kin en 2011, mais occupe depuis peu le r\u00f4le de Conseiller s\u00e9nior en charge du d\u00e9veloppement des affaires en Chine. Liping est titulaire d&rsquo;un MBA de l&rsquo;Universit\u00e9 Rutgers et d&rsquo;un BA de l&rsquo;Universit\u00e9 des \u00e9tudes \u00e9trang\u00e8res de Guangzhou.<\/p>\n<\/div>\n<div class=\"team-desc\"><\/div>\n[\/vc_column_text][nectar_btn size=\u00a0\u00bbmedium\u00a0\u00bb button_style=\u00a0\u00bbregular\u00a0\u00bb button_color_2=\u00a0\u00bbAccent-Color\u00a0\u00bb icon_family=\u00a0\u00bbdefault_arrow\u00a0\u00bb url=\u00a0\u00bb\/fr\/a-propos#equipe\u00a0\u00bb text=\u00a0\u00bbNotre \u00e9quipe\u00a0\u00bb][\/vc_column][vc_column column_padding=\u00a0\u00bbno-extra-padding\u00a0\u00bb column_padding_position=\u00a0\u00bball\u00a0\u00bb background_color_opacity=\u00a0\u00bb1&Prime; background_hover_color_opacity=\u00a0\u00bb1&Prime; column_shadow=\u00a0\u00bbnone\u00a0\u00bb width=\u00a0\u00bb1\/2&Prime; tablet_text_alignment=\u00a0\u00bbdefault\u00a0\u00bb phone_text_alignment=\u00a0\u00bbdefault\u00a0\u00bb column_border_width=\u00a0\u00bbnone\u00a0\u00bb column_border_style=\u00a0\u00bbsolid\u00a0\u00bb]<div class=\"img-with-aniamtion-wrap right\" data-max-width=\"100%\"><div class=\"inner\"><img loading=\"lazy\" decoding=\"async\" data-shadow=\"none\" data-shadow-direction=\"middle\" class=\"img-with-animation \" data-delay=\"0\" height=\"600\" width=\"600\" data-animation=\"fade-in-from-right\" src=\"https:\/\/numeraanalytics.com\/wp-content\/uploads\/2021\/02\/ll600x600.jpg\" srcset=\"https:\/\/numeraanalytics.com\/wp-content\/uploads\/2021\/02\/ll600x600.jpg 600w, https:\/\/numeraanalytics.com\/wp-content\/uploads\/2021\/02\/ll600x600-150x150.jpg 150w, https:\/\/numeraanalytics.com\/wp-content\/uploads\/2021\/02\/ll600x600-300x300.jpg 300w, https:\/\/numeraanalytics.com\/wp-content\/uploads\/2021\/02\/ll600x600-100x100.jpg 100w, https:\/\/numeraanalytics.com\/wp-content\/uploads\/2021\/02\/ll600x600-500x500.jpg 500w, https:\/\/numeraanalytics.com\/wp-content\/uploads\/2021\/02\/ll600x600-350x350.jpg 350w\" sizes=\"100vw\" alt=\"\" \/><\/div><\/div>[\/vc_column][\/vc_row][vc_row type=\u00a0\u00bbfull_width_background\u00a0\u00bb full_screen_row_position=\u00a0\u00bbmiddle\u00a0\u00bb scene_position=\u00a0\u00bbcenter\u00a0\u00bb text_color=\u00a0\u00bbdark\u00a0\u00bb text_align=\u00a0\u00bbleft\u00a0\u00bb top_padding=\u00a0\u00bb55&Prime; bottom_padding=\u00a0\u00bb50&Prime; overlay_strength=\u00a0\u00bb0.3&Prime;][vc_column enable_animation=\u00a0\u00bbtrue\u00a0\u00bb animation=\u00a0\u00bbfade-in\u00a0\u00bb column_padding=\u00a0\u00bbno-extra-padding\u00a0\u00bb column_padding_position=\u00a0\u00bball\u00a0\u00bb background_color_opacity=\u00a0\u00bb1&Prime; background_hover_color_opacity=\u00a0\u00bb1&Prime; column_shadow=\u00a0\u00bbnone\u00a0\u00bb width=\u00a0\u00bb1\/4&Prime; tablet_text_alignment=\u00a0\u00bbdefault\u00a0\u00bb phone_text_alignment=\u00a0\u00bbdefault\u00a0\u00bb column_border_width=\u00a0\u00bbnone\u00a0\u00bb column_border_style=\u00a0\u00bbsolid\u00a0\u00bb delay=\u00a0\u00bb1050&Prime;][vc_column_text]\n<h3><i class=\"icon-default-style fa fa-bar-chart extra-color-1\"><\/i>\u00a0<a href=\"\/fr\/analyse-de-marche\/\">Analyse de march\u00e9<\/a><\/h3>\n[\/vc_column_text][\/vc_column][vc_column enable_animation=\u00a0\u00bbtrue\u00a0\u00bb animation=\u00a0\u00bbfade-in\u00a0\u00bb column_padding=\u00a0\u00bbno-extra-padding\u00a0\u00bb column_padding_position=\u00a0\u00bball\u00a0\u00bb background_color_opacity=\u00a0\u00bb1&Prime; background_hover_color_opacity=\u00a0\u00bb1&Prime; column_shadow=\u00a0\u00bbnone\u00a0\u00bb width=\u00a0\u00bb1\/4&Prime; tablet_text_alignment=\u00a0\u00bbdefault\u00a0\u00bb phone_text_alignment=\u00a0\u00bbdefault\u00a0\u00bb column_border_width=\u00a0\u00bbnone\u00a0\u00bb column_border_style=\u00a0\u00bbsolid\u00a0\u00bb delay=\u00a0\u00bb1100&Prime;][vc_column_text]\n<h3><i class=\"icon-default-style fa fa-line-chart extra-color-1\"><\/i>\u00a0<a href=\"\/fr\/macroeconomie\/\">Macro\u00e9conomie<\/a><\/h3>\n[\/vc_column_text][\/vc_column][vc_column enable_animation=\u00a0\u00bbtrue\u00a0\u00bb animation=\u00a0\u00bbfade-in\u00a0\u00bb column_padding=\u00a0\u00bbno-extra-padding\u00a0\u00bb column_padding_position=\u00a0\u00bball\u00a0\u00bb background_color_opacity=\u00a0\u00bb1&Prime; background_hover_color_opacity=\u00a0\u00bb1&Prime; column_shadow=\u00a0\u00bbnone\u00a0\u00bb width=\u00a0\u00bb1\/4&Prime; tablet_text_alignment=\u00a0\u00bbdefault\u00a0\u00bb phone_text_alignment=\u00a0\u00bbdefault\u00a0\u00bb column_border_width=\u00a0\u00bbnone\u00a0\u00bb column_border_style=\u00a0\u00bbsolid\u00a0\u00bb delay=\u00a0\u00bb1150&Prime;][vc_column_text]\n<h3><i class=\"icon-default-style fa fa-search-plus extra-color-1\"><\/i>\u00a0<a href=\"\/fr\/recherche-personnalisee\/\">Recherche personalis\u00e9e<\/a><\/h3>\n[\/vc_column_text][\/vc_column][vc_column enable_animation=\u00a0\u00bbtrue\u00a0\u00bb animation=\u00a0\u00bbfade-in\u00a0\u00bb column_padding=\u00a0\u00bbno-extra-padding\u00a0\u00bb column_padding_position=\u00a0\u00bball\u00a0\u00bb background_color_opacity=\u00a0\u00bb1&Prime; background_hover_color_opacity=\u00a0\u00bb1&Prime; column_shadow=\u00a0\u00bbnone\u00a0\u00bb width=\u00a0\u00bb1\/4&Prime; tablet_text_alignment=\u00a0\u00bbdefault\u00a0\u00bb phone_text_alignment=\u00a0\u00bbdefault\u00a0\u00bb column_border_width=\u00a0\u00bbnone\u00a0\u00bb column_border_style=\u00a0\u00bbsolid\u00a0\u00bb delay=\u00a0\u00bb1200&Prime;][vc_column_text]\n<h3><i class=\"icon-default-style fa fa-lightbulb-o extra-color-1\"><\/i>\u00a0<a href=\"\/fr\/equipe-quantitative\/\">\u00c9quipe Quantitative<\/a><\/h3>\n[\/vc_column_text][\/vc_column][\/vc_row]\n","protected":false},"excerpt":{"rendered":"<p>[vc_row type=\u00a0\u00bbfull_width_background\u00a0\u00bb full_screen_row_position=\u00a0\u00bbmiddle\u00a0\u00bb bg_color=\u00a0\u00bb#f2f2f2&Prime; scene_position=\u00a0\u00bbcenter\u00a0\u00bb text_color=\u00a0\u00bbdark\u00a0\u00bb text_align=\u00a0\u00bbleft\u00a0\u00bb overlay_strength=\u00a0\u00bb0.3&Prime;][vc_column enable_animation=\u00a0\u00bbtrue\u00a0\u00bb animation=\u00a0\u00bbfade-in-from-bottom\u00a0\u00bb column_padding=\u00a0\u00bbno-extra-padding\u00a0\u00bb column_padding_position=\u00a0\u00bball\u00a0\u00bb background_color_opacity=\u00a0\u00bb1&Prime; background_hover_color_opacity=\u00a0\u00bb1&Prime; column_shadow=\u00a0\u00bbnone\u00a0\u00bb width=\u00a0\u00bb1\/2&Prime; tablet_text_alignment=\u00a0\u00bbdefault\u00a0\u00bb phone_text_alignment=\u00a0\u00bbdefault\u00a0\u00bb column_border_width=\u00a0\u00bbnone\u00a0\u00bb column_border_style=\u00a0\u00bbsolid\u00a0\u00bb delay=\u00a0\u00bb500&Prime;][vc_column_text] Liping Li CONSEILLER S\u00c9NIOR, P\u00c9KIN Liping a d\u00e9but\u00e9 sa carri\u00e8re au d\u00e9but des ann\u00e9es 1990 chez China International Trust and Investment Corporation (CITIC). Il a ensuite a occup\u00e9 divers postes de direction en logistique, en vente et marketing, ainsi qu\u2019en gestion des op\u00e9rations pour des multinationales publiques et priv\u00e9es en Chine et en Am\u00e9rique du Nord. Il a d\u00e9but\u00e9&#8230;<\/p>\n","protected":false},"author":10,"featured_media":0,"parent":0,"menu_order":0,"comment_status":"closed","ping_status":"closed","template":"","meta":{"footnotes":""},"_links":{"self":[{"href":"https:\/\/numeraanalytics.com\/fr\/wp-json\/wp\/v2\/pages\/8997"}],"collection":[{"href":"https:\/\/numeraanalytics.com\/fr\/wp-json\/wp\/v2\/pages"}],"about":[{"href":"https:\/\/numeraanalytics.com\/fr\/wp-json\/wp\/v2\/types\/page"}],"author":[{"embeddable":true,"href":"https:\/\/numeraanalytics.com\/fr\/wp-json\/wp\/v2\/users\/10"}],"replies":[{"embeddable":true,"href":"https:\/\/numeraanalytics.com\/fr\/wp-json\/wp\/v2\/comments?post=8997"}],"version-history":[{"count":4,"href":"https:\/\/numeraanalytics.com\/fr\/wp-json\/wp\/v2\/pages\/8997\/revisions"}],"predecessor-version":[{"id":9800,"href":"https:\/\/numeraanalytics.com\/fr\/wp-json\/wp\/v2\/pages\/8997\/revisions\/9800"}],"wp:attachment":[{"href":"https:\/\/numeraanalytics.com\/fr\/wp-json\/wp\/v2\/media?parent=8997"}],"curies":[{"name":"wp","href":"https:\/\/api.w.org\/{rel}","templated":true}]}}