{"id":7760,"date":"2017-06-07T17:22:42","date_gmt":"2017-06-07T17:22:42","guid":{"rendered":"https:\/\/numeraanalytics.com\/industrial-packaging\/"},"modified":"2025-10-07T07:38:14","modified_gmt":"2025-10-07T11:38:14","slug":"emballage-industriel","status":"publish","type":"page","link":"https:\/\/numeraanalytics.com\/fr\/emballage-industriel\/","title":{"rendered":"Emballage Industriel"},"content":{"rendered":"[vc_row type=\u00a0\u00bbfull_width_background\u00a0\u00bb full_screen_row_position=\u00a0\u00bbmiddle\u00a0\u00bb bg_image=\u00a0\u00bb6613&Prime; bg_position=\u00a0\u00bbleft bottom\u00a0\u00bb bg_repeat=\u00a0\u00bbno-repeat\u00a0\u00bb scene_position=\u00a0\u00bbcenter\u00a0\u00bb text_color=\u00a0\u00bblight\u00a0\u00bb text_align=\u00a0\u00bbleft\u00a0\u00bb top_padding=\u00a0\u00bb8%\u00a0\u00bb bottom_padding=\u00a0\u00bb8%\u00a0\u00bb color_overlay=\u00a0\u00bb#0a0a0a\u00a0\u00bb overlay_strength=\u00a0\u00bb0.5&Prime;][vc_column column_padding=\u00a0\u00bbno-extra-padding\u00a0\u00bb column_padding_position=\u00a0\u00bball\u00a0\u00bb background_color_opacity=\u00a0\u00bb1&Prime; background_hover_color_opacity=\u00a0\u00bb1&Prime; column_shadow=\u00a0\u00bbnone\u00a0\u00bb width=\u00a0\u00bb1\/2&Prime; tablet_text_alignment=\u00a0\u00bbdefault\u00a0\u00bb phone_text_alignment=\u00a0\u00bbdefault\u00a0\u00bb column_border_width=\u00a0\u00bbnone\u00a0\u00bb column_border_style=\u00a0\u00bbsolid\u00a0\u00bb][vc_custom_heading text=\u00a0\u00bbSecteur De March\u00e9<br \/>\n\u00a0\u00bb font_container=\u00a0\u00bbtag:h5|text_align:left|color:rgba(255%2C255%2C255%2C0.74)\u00a0\u00bb use_theme_fonts=\u00a0\u00bbyes\u00a0\u00bb css_animation=\u00a0\u00bbfadeInUp\u00a0\u00bb][split_line_heading]\n<h2>Emballage Industriel<\/h2>\n[\/split_line_heading][vc_row_inner column_margin=\u00a0\u00bbdefault\u00a0\u00bb text_align=\u00a0\u00bbleft\u00a0\u00bb][vc_column_inner enable_animation=\u00a0\u00bbtrue\u00a0\u00bb animation=\u00a0\u00bbfade-in-from-bottom\u00a0\u00bb column_padding=\u00a0\u00bbno-extra-padding\u00a0\u00bb column_padding_position=\u00a0\u00bball\u00a0\u00bb background_color_opacity=\u00a0\u00bb1&Prime; width=\u00a0\u00bb5\/6&Prime; column_border_width=\u00a0\u00bbnone\u00a0\u00bb column_border_style=\u00a0\u00bbsolid\u00a0\u00bb delay=\u00a0\u00bb300&Prime;][vc_custom_heading text=\u00a0\u00bbNotre couverture des mat\u00e9riaux d\u2019emballages industriels se concentre sur les bo\u00eetes en carton et le carton ondul\u00e9 qui les compose. Ces deux secteurs sont \u00e9troitement li\u00e9s \u00e0 la production industrielle de biens non durables et aux ventes au d\u00e9tail. La pr\u00e9vision des conditions du march\u00e9 et la compr\u00e9hension de la dynamique des prix n\u00e9cessitent une analyse approfondie de l\u2019environnement macro et des facteurs propres \u00e0 ces secteurs.\u00a0\u00bb font_container=\u00a0\u00bbtag:p|text_align:left|color:rgba(255%2C255%2C255%2C0.9)\u00a0\u00bb use_theme_fonts=\u00a0\u00bbyes\u00a0\u00bb][\/vc_column_inner][vc_column_inner column_padding=\u00a0\u00bbno-extra-padding\u00a0\u00bb column_padding_position=\u00a0\u00bball\u00a0\u00bb background_color_opacity=\u00a0\u00bb1&Prime; width=\u00a0\u00bb1\/6&Prime; column_border_width=\u00a0\u00bbnone\u00a0\u00bb column_border_style=\u00a0\u00bbsolid\u00a0\u00bb][\/vc_column_inner][\/vc_row_inner][\/vc_column][vc_column column_padding=\u00a0\u00bbno-extra-padding\u00a0\u00bb column_padding_position=\u00a0\u00bball\u00a0\u00bb background_color_opacity=\u00a0\u00bb1&Prime; background_hover_color_opacity=\u00a0\u00bb1&Prime; column_shadow=\u00a0\u00bbnone\u00a0\u00bb width=\u00a0\u00bb1\/2&Prime; tablet_text_alignment=\u00a0\u00bbdefault\u00a0\u00bb phone_text_alignment=\u00a0\u00bbdefault\u00a0\u00bb column_border_width=\u00a0\u00bbnone\u00a0\u00bb column_border_style=\u00a0\u00bbsolid\u00a0\u00bb][\/vc_column][\/vc_row][vc_row type=\u00a0\u00bbfull_width_background\u00a0\u00bb full_screen_row_position=\u00a0\u00bbmiddle\u00a0\u00bb bg_image=\u00a0\u00bb6335&Prime; bg_position=\u00a0\u00bbleft top\u00a0\u00bb bg_repeat=\u00a0\u00bbno-repeat\u00a0\u00bb scene_position=\u00a0\u00bbcenter\u00a0\u00bb text_color=\u00a0\u00bbdark\u00a0\u00bb text_align=\u00a0\u00bbleft\u00a0\u00bb top_padding=\u00a0\u00bb8%\u00a0\u00bb bottom_padding=\u00a0\u00bb8%\u00a0\u00bb id=\u00a0\u00bbmarket-segment-content\u00a0\u00bb color_overlay=\u00a0\u00bbrgba(255,255,255,0.9)\u00a0\u00bb overlay_strength=\u00a0\u00bb1&Prime;][vc_column column_padding=\u00a0\u00bbpadding-1-percent\u00a0\u00bb column_padding_position=\u00a0\u00bball\u00a0\u00bb background_color_opacity=\u00a0\u00bb1&Prime; background_hover_color_opacity=\u00a0\u00bb1&Prime; column_shadow=\u00a0\u00bbnone\u00a0\u00bb el_class=\u00a0\u00bbmarket-segment-content-main\u00a0\u00bb width=\u00a0\u00bb2\/3&Prime; tablet_text_alignment=\u00a0\u00bbdefault\u00a0\u00bb phone_text_alignment=\u00a0\u00bbdefault\u00a0\u00bb column_border_width=\u00a0\u00bbnone\u00a0\u00bb column_border_style=\u00a0\u00bbsolid\u00a0\u00bb][vc_column_text css=\u00a0\u00bb.vc_custom_1515183950507{margin-bottom: 23px !important;}\u00a0\u00bb]\n<h2><span style=\"color: #1e83ec;\">Aper\u00e7u<\/span><\/h2>\n[\/vc_column_text][vc_column_text]\n<h4>\nNumera fournit des rapports et des projections d\u00e9taill\u00e9s pour les principaux march\u00e9s du monde et pour tous les types de bo\u00eetes et de carton ondul\u00e9. L&rsquo;abonnement \u00e0 notre service donne acc\u00e8s \u00e0 : <\/h4>\n<h5>Pr\u00e9visions \u00e0 court et long terme <\/h5>\n<p>\nAfin de renseigner nos clients sur l\u2019\u00e9volution du march\u00e9, nous fournissons un ensemble de pr\u00e9visions \u00e0 court et \u00e0 long terme sur les march\u00e9s des bo\u00eetes et du carton ondul\u00e9, d\u00e9taillant pour chaque type de carton les statistiques essentielles du secteur dont les exp\u00e9ditions, la capacit\u00e9, le commerce et les taux d&rsquo;op\u00e9rations. <\/p>\n<h5>Listes d\u00e9taill\u00e9es des projets de capacit\u00e9 <\/h5>\n<p>\n  Les clients ont \u00e9galement acc\u00e8s \u00e0 une liste exhaustive des projets de capacit\u00e9 \u00e0 l\u2019\u00e9chelle mondiale, d\u00e9taillant pour chaque projet le pays concern\u00e9, l&#8217;emplacement exact, l&rsquo;entreprise impliqu\u00e9e, les types de carton produits, le changement de capacit\u00e9 et la date d\u2019entr\u00e9e en vigueur du d\u00e9marrage ou de la fermeture. Chaque projet est \u00e9galement accompagn\u00e9 de commentaires pertinents.\n<\/p>\n<h5>D\u00e9tails sur les fibres recycl\u00e9es <\/h5>\n<p>\nLes abonn\u00e9s de notre service carton ondul\u00e9 peuvent \u00e9galement opter de recevoir notre suivi du march\u00e9 des fibres recycl\u00e9es, notamment des rapports et des bases de donn\u00e9es fournissant des renseignements importants sur la consommation, les flux commerciaux et les prix des bo\u00eetes de carton usag\u00e9 (OCC).\n<\/p>\n<h5>Rapports impartiaux sur les prix et les co\u00fbts <\/h5>\n<p>\n  Contrairement aux estim\u00e9s produits par les agences traditionnelles d\u2019\u00e9valuation de prix, bas\u00e9s sur des enqu\u00eates, Numera publie des estim\u00e9s impartiaux de prix pour les diff\u00e9rentes sortes de carton ondul\u00e9. Ils sont obtenus \u00e0 l\u2019aide d\u2019une mod\u00e9lisation dynamique des transactions transfrontali\u00e8res, sp\u00e9cialement con\u00e7ue pour \u00eatre utilis\u00e9e dans des applications de pr\u00e9vision et d&rsquo;analyse comparative. Nos prix permettent \u00e9galement de bien rendre compte des transactions \u00ab spot \u00bb, des remises et des rabais, ainsi que d\u2019\u00e9valuer quelle proportion d\u2019un changement de prix annonc\u00e9 est refl\u00e9t\u00e9e dans le prix du march\u00e9. Contactez-nous pour obtenir la liste des prix publi\u00e9s ou pour discuter de vos besoins en mati\u00e8re de rapports de prix personnalis\u00e9s.\n<\/p>\n<h5>Assistance des analystes <\/h5>\n<p>\n Au-del\u00e0 des rapports r\u00e9guliers et de l&rsquo;acc\u00e8s \u00e0 notre plateforme en ligne, les clients b\u00e9n\u00e9ficient \u00e9galement d&rsquo;un acc\u00e8s facile \u00e0 nos analystes pour r\u00e9pondre \u00e0 leurs questions. Nos analystes peuvent vous aider \u00e0 interpr\u00e9ter les donn\u00e9es, \u00e0 automatiser des requ\u00eates r\u00e9guli\u00e8res et \u00e0 fournir des informations essentielles sur tous les segments du march\u00e9.\n<\/p>\n<h4>\nNumera g\u00e8re \u00e9galement des programmes de collecte de donn\u00e9es primaires dans des march\u00e9s prioritaires afin de fournir des donn\u00e9es et des analyses granulaires \u00e0 haute fr\u00e9quence lorsque les associations professionnelles locales ne souhaitent ou ne peuvent pas le faire. Pour en savoir plus sur notre initiative en Am\u00e9rique latine, <a href=\"https:\/\/numeraanalytics.com\/fr\/latam-carton-ondule\/\">cliquez ici.<\/a><br \/>\n<\/h4>\n<p>Contactez-nous pour recevoir des exemples de rapports et planifier une d\u00e9monstration de la plateforme.  <\/p>\n[\/vc_column_text][\/vc_column][vc_column column_padding=\u00a0\u00bbpadding-1-percent\u00a0\u00bb column_padding_position=\u00a0\u00bball\u00a0\u00bb background_color_opacity=\u00a0\u00bb1&Prime; background_hover_color_opacity=\u00a0\u00bb1&Prime; column_shadow=\u00a0\u00bbnone\u00a0\u00bb el_class=\u00a0\u00bbmarket-segment-content-sidebar\u00a0\u00bb width=\u00a0\u00bb1\/3&Prime; tablet_text_alignment=\u00a0\u00bbdefault\u00a0\u00bb phone_text_alignment=\u00a0\u00bbdefault\u00a0\u00bb column_border_width=\u00a0\u00bbnone\u00a0\u00bb column_border_style=\u00a0\u00bbsolid\u00a0\u00bb][vc_column_text]\n<h3><span style=\"color: #1e83ec;\">Ce Que Nous Analysons<\/span><\/h3>\n[\/vc_column_text]<div class=\"nectar-fancy-ul\" data-list-icon=\"icon-search\" data-animation=\"false\" data-animation-delay=\"0\" data-color=\"accent-color\" data-alignment=\"left\"> \n<ul>\n<li>Bo\u00eetes en carton ondul\u00e9 <\/li>\n<li>Kraftliner \u00e9cru <\/li>\n<li>Papier cannelure semi-chimique <\/li>\n<li>Liner recycl\u00e9 (testliner) <\/li>\n<li>Papier cannelure recycl\u00e9 <\/li>\n<li>Carton blanc et carton doublure blanchi <\/li>\n<li>Micro-cannelure<\/li>\n<\/ul>\n <\/div><div class=\"divider-wrap\"><div style=\"height: 30px;\" class=\"divider\"><\/div><\/div>[nectar_btn size=\u00a0\u00bbmedium\u00a0\u00bb button_style=\u00a0\u00bbregular\u00a0\u00bb button_color_2=\u00a0\u00bbAccent-Color\u00a0\u00bb icon_family=\u00a0\u00bbdefault_arrow\u00a0\u00bb url=\u00a0\u00bb\/fr\/contact\u00a0\u00bb text=\u00a0\u00bbCOMMUNIQUEZ AVEC NUMERA\u00a0\u00bb][\/vc_column][\/vc_row][vc_row type=\u00a0\u00bbfull_width_background\u00a0\u00bb full_screen_row_position=\u00a0\u00bbmiddle\u00a0\u00bb scene_position=\u00a0\u00bbcenter\u00a0\u00bb text_color=\u00a0\u00bblight\u00a0\u00bb text_align=\u00a0\u00bbleft\u00a0\u00bb top_padding=\u00a0\u00bb8%\u00a0\u00bb bottom_padding=\u00a0\u00bb8%\u00a0\u00bb id=\u00a0\u00bbmarkets\u00a0\u00bb enable_gradient=\u00a0\u00bbtrue\u00a0\u00bb color_overlay=\u00a0\u00bbrgba(0,158,225,0.68)\u00a0\u00bb color_overlay_2=\u00a0\u00bb#006cb7&Prime; gradient_direction=\u00a0\u00bbleft_t_to_right_b\u00a0\u00bb overlay_strength=\u00a0\u00bb1&Prime;][vc_column centered_text=\u00a0\u00bbtrue\u00a0\u00bb column_padding=\u00a0\u00bbno-extra-padding\u00a0\u00bb column_padding_position=\u00a0\u00bball\u00a0\u00bb background_color_opacity=\u00a0\u00bb1&Prime; background_hover_color_opacity=\u00a0\u00bb1&Prime; column_shadow=\u00a0\u00bbnone\u00a0\u00bb width=\u00a0\u00bb1\/1&Prime; tablet_text_alignment=\u00a0\u00bbdefault\u00a0\u00bb phone_text_alignment=\u00a0\u00bbdefault\u00a0\u00bb column_border_width=\u00a0\u00bbnone\u00a0\u00bb column_border_style=\u00a0\u00bbsolid\u00a0\u00bb][vc_row_inner equal_height=\u00a0\u00bbyes\u00a0\u00bb content_placement=\u00a0\u00bbmiddle\u00a0\u00bb column_margin=\u00a0\u00bbdefault\u00a0\u00bb text_align=\u00a0\u00bbleft\u00a0\u00bb][vc_column_inner column_padding=\u00a0\u00bbno-extra-padding\u00a0\u00bb column_padding_position=\u00a0\u00bball\u00a0\u00bb centered_text=\u00a0\u00bbtrue\u00a0\u00bb background_color_opacity=\u00a0\u00bb1&Prime; el_class=\u00a0\u00bbhas-market-links\u00a0\u00bb width=\u00a0\u00bb1\/12&Prime; column_border_width=\u00a0\u00bbnone\u00a0\u00bb column_border_style=\u00a0\u00bbsolid\u00a0\u00bb][\/vc_column_inner][vc_column_inner column_padding=\u00a0\u00bbno-extra-padding\u00a0\u00bb column_padding_position=\u00a0\u00bball\u00a0\u00bb background_color_opacity=\u00a0\u00bb1&Prime; el_class=\u00a0\u00bbhas-market-links market-segment\u00a0\u00bb width=\u00a0\u00bb10\/12&Prime; column_border_width=\u00a0\u00bbnone\u00a0\u00bb column_border_style=\u00a0\u00bbsolid\u00a0\u00bb][vc_custom_heading text=\u00a0\u00bbNos Segments De March\u00e9\u00a0\u00bb font_container=\u00a0\u00bbtag:h2|text_align:center|color:rgba(255%2C255%2C255%2C0.74)\u00a0\u00bb use_theme_fonts=\u00a0\u00bbyes\u00a0\u00bb css_animation=\u00a0\u00bbfadeInUp\u00a0\u00bb][vc_custom_heading text=\u00a0\u00bbNous continuons d\u2019\u00e9largir notre couverture du march\u00e9 et fournissons actuellement des analyses de march\u00e9 dans les secteurs suivants:\u00a0\u00bb font_container=\u00a0\u00bbtag:p|text_align:center|color:%23ffffff\u00a0\u00bb use_theme_fonts=\u00a0\u00bbyes\u00a0\u00bb css_animation=\u00a0\u00bbfadeInUp\u00a0\u00bb]<div class=\"nectar-fancy-ul\" data-list-icon=\"icon-arrow-right\" data-animation=\"false\" data-animation-delay=\"0\" data-color=\"extra-color-2\" data-alignment=\"left\"> \n<ul class=\"col span_4\">\n<li><a href=\"https:\/\/numeraanalytics.com\/fr\/petroleetgaz\/\">Le p\u00e9trole et le gaz<\/a><\/li>\n<li><a href=\"https:\/\/numeraanalytics.com\/fr\/fibres-cellulosiques\/\">Fibres cellulosiques<\/a><\/li>\n<li><a href=\"https:\/\/numeraanalytics.com\/fr\/fibres-specialisees-derives\/\">Fibres sp\u00e9cialis\u00e9es \/ D\u00e9riv\u00e9s<\/a><\/li>\n<li><a href=\"https:\/\/numeraanalytics.com\/fr\/textiles-vetements\/\">Textiles\/V\u00eatements<\/a><\/li>\n<\/ul>\n<ul class=\"col span_4\">\n<li><a href=\"https:\/\/numeraanalytics.com\/fr\/biens-consommation-base\/\">Biens de consommation de base<\/a><\/li>\n<li><a href=\"https:\/\/numeraanalytics.com\/fr\/materiaux-construction\/\">Mat\u00e9riaux de construction<\/a><\/li>\n<li><a href=\"https:\/\/numeraanalytics.com\/fr\/produits-chimiques-de-base\/\">Produits chimiques de base<\/a><\/li>\n<li><a href=\"https:\/\/numeraanalytics.com\/fr\/produits-chimiques-specialises\/\">Produits chimiques sp\u00e9cialis\u00e9s <\/a><\/li>\n<li><a href=\"https:\/\/numeraanalytics.com\/fr\/produits-biochimiques\/\">Produits biochimiques<\/a><\/li>\n<\/ul>\n<ul class=\"col span_4\">\n<li class=\"active\"><a href=\"https:\/\/numeraanalytics.com\/fr\/emballage-industriel\/\">Emballage industriel<\/a><\/li>\n<li><a href=\"https:\/\/numeraanalytics.com\/fr\/emballage-produits-consommation\/\">Emballage pour produits de consommation<\/a><\/li>\n<li><a href=\"https:\/\/numeraanalytics.com\/fr\/edition-papiers-graphiques\/\">\u00c9dition\/Papiers graphiques<\/a><\/li>\n<\/ul>\n <\/div>[\/vc_column_inner][vc_column_inner column_padding=\u00a0\u00bbno-extra-padding\u00a0\u00bb column_padding_position=\u00a0\u00bball\u00a0\u00bb background_color_opacity=\u00a0\u00bb1&Prime; width=\u00a0\u00bb1\/12&Prime; column_border_width=\u00a0\u00bbnone\u00a0\u00bb column_border_style=\u00a0\u00bbsolid\u00a0\u00bb][\/vc_column_inner][\/vc_row_inner][\/vc_column][\/vc_row][vc_row type=\u00a0\u00bbfull_width_background\u00a0\u00bb full_screen_row_position=\u00a0\u00bbmiddle\u00a0\u00bb equal_height=\u00a0\u00bbyes\u00a0\u00bb content_placement=\u00a0\u00bbmiddle\u00a0\u00bb bg_image=\u00a0\u00bb6904&Prime; bg_position=\u00a0\u00bbcenter center\u00a0\u00bb bg_repeat=\u00a0\u00bbno-repeat\u00a0\u00bb scene_position=\u00a0\u00bbcenter\u00a0\u00bb text_color=\u00a0\u00bblight\u00a0\u00bb text_align=\u00a0\u00bbleft\u00a0\u00bb top_padding=\u00a0\u00bb5%\u00a0\u00bb bottom_padding=\u00a0\u00bb5%\u00a0\u00bb color_overlay=\u00a0\u00bbrgba(10,6,6,0.84)\u00a0\u00bb overlay_strength=\u00a0\u00bb0.5&Prime;][vc_column column_padding=\u00a0\u00bbno-extra-padding\u00a0\u00bb column_padding_position=\u00a0\u00bball\u00a0\u00bb background_color_opacity=\u00a0\u00bb1&Prime; background_hover_color_opacity=\u00a0\u00bb1&Prime; column_shadow=\u00a0\u00bbnone\u00a0\u00bb width=\u00a0\u00bb1\/1&Prime; tablet_text_alignment=\u00a0\u00bbdefault\u00a0\u00bb phone_text_alignment=\u00a0\u00bbdefault\u00a0\u00bb column_border_width=\u00a0\u00bbnone\u00a0\u00bb column_border_style=\u00a0\u00bbsolid\u00a0\u00bb][vc_row_inner column_margin=\u00a0\u00bbdefault\u00a0\u00bb text_align=\u00a0\u00bbleft\u00a0\u00bb][vc_column_inner column_padding=\u00a0\u00bbno-extra-padding\u00a0\u00bb column_padding_position=\u00a0\u00bball\u00a0\u00bb background_color_opacity=\u00a0\u00bb1&Prime; width=\u00a0\u00bb1\/6&Prime; column_border_width=\u00a0\u00bbnone\u00a0\u00bb column_border_style=\u00a0\u00bbsolid\u00a0\u00bb][\/vc_column_inner][vc_column_inner column_padding=\u00a0\u00bbpadding-2-percent\u00a0\u00bb column_padding_position=\u00a0\u00bbleft-right\u00a0\u00bb centered_text=\u00a0\u00bbtrue\u00a0\u00bb background_color_opacity=\u00a0\u00bb1&Prime; width=\u00a0\u00bb2\/3&Prime; column_border_width=\u00a0\u00bbnone\u00a0\u00bb column_border_style=\u00a0\u00bbsolid\u00a0\u00bb][vc_custom_heading text=\u00a0\u00bbDevenez Un Client\u00a0\u00bb font_container=\u00a0\u00bbtag:h2|font_size:52|text_align:center|line_height:52px\u00a0\u00bb use_theme_fonts=\u00a0\u00bbyes\u00a0\u00bb]<div class=\"divider-wrap\"><div style=\"height: 5px;\" class=\"divider\"><\/div><\/div>[vc_custom_heading text=\u00a0\u00bbQue vous soyez \u00e0 la recherche d\u2019un rapport unique ou d\u00e9siriez une \u00e9tude de march\u00e9 exhaustive avec analyse quantitative, notre flexibilit\u00e9 vous permet de d\u00e9finir votre profil client. \u00a0\u00bb font_container=\u00a0\u00bbtag:p|font_size:18|text_align:center|color:%23ffffff|line_height:26px\u00a0\u00bb use_theme_fonts=\u00a0\u00bbyes\u00a0\u00bb css=\u00a0\u00bb.vc_custom_1515184304511{margin-top: 10px !important;margin-bottom: 10px !important;}\u00a0\u00bb][nectar_btn size=\u00a0\u00bblarge\u00a0\u00bb button_style=\u00a0\u00bbregular\u00a0\u00bb button_color_2=\u00a0\u00bbAccent-Color\u00a0\u00bb icon_family=\u00a0\u00bbdefault_arrow\u00a0\u00bb url=\u00a0\u00bb\/fr\/contact\u00a0\u00bb text=\u00a0\u00bbCOMMUNIQUEZ AVEC NOUS\u00a0\u00bb margin_top=\u00a0\u00bb5&Prime;][\/vc_column_inner][vc_column_inner column_padding=\u00a0\u00bbno-extra-padding\u00a0\u00bb column_padding_position=\u00a0\u00bball\u00a0\u00bb background_color_opacity=\u00a0\u00bb1&Prime; width=\u00a0\u00bb1\/6&Prime; column_border_width=\u00a0\u00bbnone\u00a0\u00bb column_border_style=\u00a0\u00bbsolid\u00a0\u00bb][\/vc_column_inner][\/vc_row_inner][\/vc_column][\/vc_row]\n","protected":false},"excerpt":{"rendered":"<p>[vc_row type=\u00a0\u00bbfull_width_background\u00a0\u00bb full_screen_row_position=\u00a0\u00bbmiddle\u00a0\u00bb bg_image=\u00a0\u00bb6613&Prime; bg_position=\u00a0\u00bbleft bottom\u00a0\u00bb bg_repeat=\u00a0\u00bbno-repeat\u00a0\u00bb scene_position=\u00a0\u00bbcenter\u00a0\u00bb text_color=\u00a0\u00bblight\u00a0\u00bb text_align=\u00a0\u00bbleft\u00a0\u00bb top_padding=\u00a0\u00bb8%\u00a0\u00bb bottom_padding=\u00a0\u00bb8%\u00a0\u00bb color_overlay=\u00a0\u00bb#0a0a0a\u00a0\u00bb overlay_strength=\u00a0\u00bb0.5&Prime;][vc_column column_padding=\u00a0\u00bbno-extra-padding\u00a0\u00bb column_padding_position=\u00a0\u00bball\u00a0\u00bb background_color_opacity=\u00a0\u00bb1&Prime; background_hover_color_opacity=\u00a0\u00bb1&Prime; column_shadow=\u00a0\u00bbnone\u00a0\u00bb width=\u00a0\u00bb1\/2&Prime; tablet_text_alignment=\u00a0\u00bbdefault\u00a0\u00bb phone_text_alignment=\u00a0\u00bbdefault\u00a0\u00bb column_border_width=\u00a0\u00bbnone\u00a0\u00bb column_border_style=\u00a0\u00bbsolid\u00a0\u00bb][vc_custom_heading text=\u00a0\u00bbSecteur De March\u00e9 \u00a0\u00bb font_container=\u00a0\u00bbtag:h5|text_align:left|color:rgba(255%2C255%2C255%2C0.74)\u00a0\u00bb use_theme_fonts=\u00a0\u00bbyes\u00a0\u00bb css_animation=\u00a0\u00bbfadeInUp\u00a0\u00bb][split_line_heading] Emballage Industriel [\/split_line_heading][vc_row_inner column_margin=\u00a0\u00bbdefault\u00a0\u00bb text_align=\u00a0\u00bbleft\u00a0\u00bb][vc_column_inner enable_animation=\u00a0\u00bbtrue\u00a0\u00bb animation=\u00a0\u00bbfade-in-from-bottom\u00a0\u00bb column_padding=\u00a0\u00bbno-extra-padding\u00a0\u00bb column_padding_position=\u00a0\u00bball\u00a0\u00bb background_color_opacity=\u00a0\u00bb1&Prime; width=\u00a0\u00bb5\/6&Prime; column_border_width=\u00a0\u00bbnone\u00a0\u00bb column_border_style=\u00a0\u00bbsolid\u00a0\u00bb delay=\u00a0\u00bb300&Prime;][vc_custom_heading text=\u00a0\u00bbNotre couverture des mat\u00e9riaux d\u2019emballages industriels se concentre sur les bo\u00eetes en carton et le carton ondul\u00e9 qui les compose. Ces deux secteurs sont \u00e9troitement li\u00e9s \u00e0 la production industrielle de biens non durables et&#8230;<\/p>\n","protected":false},"author":1,"featured_media":0,"parent":0,"menu_order":0,"comment_status":"closed","ping_status":"closed","template":"","meta":{"footnotes":""},"_links":{"self":[{"href":"https:\/\/numeraanalytics.com\/fr\/wp-json\/wp\/v2\/pages\/7760"}],"collection":[{"href":"https:\/\/numeraanalytics.com\/fr\/wp-json\/wp\/v2\/pages"}],"about":[{"href":"https:\/\/numeraanalytics.com\/fr\/wp-json\/wp\/v2\/types\/page"}],"author":[{"embeddable":true,"href":"https:\/\/numeraanalytics.com\/fr\/wp-json\/wp\/v2\/users\/1"}],"replies":[{"embeddable":true,"href":"https:\/\/numeraanalytics.com\/fr\/wp-json\/wp\/v2\/comments?post=7760"}],"version-history":[{"count":8,"href":"https:\/\/numeraanalytics.com\/fr\/wp-json\/wp\/v2\/pages\/7760\/revisions"}],"predecessor-version":[{"id":21136,"href":"https:\/\/numeraanalytics.com\/fr\/wp-json\/wp\/v2\/pages\/7760\/revisions\/21136"}],"wp:attachment":[{"href":"https:\/\/numeraanalytics.com\/fr\/wp-json\/wp\/v2\/media?parent=7760"}],"curies":[{"name":"wp","href":"https:\/\/api.w.org\/{rel}","templated":true}]}}