{"id":7603,"date":"2017-06-07T17:00:23","date_gmt":"2017-06-07T17:00:23","guid":{"rendered":"https:\/\/numeraanalytics.com\/cellulose-fibers\/"},"modified":"2023-09-06T11:41:55","modified_gmt":"2023-09-06T15:41:55","slug":"fibres-cellulosiques","status":"publish","type":"page","link":"https:\/\/numeraanalytics.com\/fr\/fibres-cellulosiques\/","title":{"rendered":"Fibres cellulosiques"},"content":{"rendered":"[vc_row type=\u00a0\u00bbfull_width_background\u00a0\u00bb full_screen_row_position=\u00a0\u00bbmiddle\u00a0\u00bb bg_image=\u00a0\u00bb6614&Prime; bg_position=\u00a0\u00bbleft bottom\u00a0\u00bb bg_repeat=\u00a0\u00bbno-repeat\u00a0\u00bb scene_position=\u00a0\u00bbcenter\u00a0\u00bb text_color=\u00a0\u00bblight\u00a0\u00bb text_align=\u00a0\u00bbleft\u00a0\u00bb top_padding=\u00a0\u00bb8%\u00a0\u00bb bottom_padding=\u00a0\u00bb8%\u00a0\u00bb color_overlay=\u00a0\u00bb#0a0a0a\u00a0\u00bb overlay_strength=\u00a0\u00bb0.5&Prime;][vc_column column_padding=\u00a0\u00bbno-extra-padding\u00a0\u00bb column_padding_position=\u00a0\u00bball\u00a0\u00bb background_color_opacity=\u00a0\u00bb1&Prime; background_hover_color_opacity=\u00a0\u00bb1&Prime; column_shadow=\u00a0\u00bbnone\u00a0\u00bb width=\u00a0\u00bb1\/2&Prime; tablet_text_alignment=\u00a0\u00bbdefault\u00a0\u00bb phone_text_alignment=\u00a0\u00bbdefault\u00a0\u00bb column_border_width=\u00a0\u00bbnone\u00a0\u00bb column_border_style=\u00a0\u00bbsolid\u00a0\u00bb][vc_custom_heading text=\u00a0\u00bbSecteur de march\u00e9\u00a0\u00bb font_container=\u00a0\u00bbtag:h5|text_align:left|color:rgba(255%2C255%2C255%2C0.74)\u00a0\u00bb use_theme_fonts=\u00a0\u00bbyes\u00a0\u00bb css_animation=\u00a0\u00bbfadeInUp\u00a0\u00bb][split_line_heading]\n<h2>Fibres cellulosiques<\/h2>\n[\/split_line_heading][vc_row_inner column_margin=\u00a0\u00bbdefault\u00a0\u00bb text_align=\u00a0\u00bbleft\u00a0\u00bb][vc_column_inner enable_animation=\u00a0\u00bbtrue\u00a0\u00bb animation=\u00a0\u00bbfade-in-from-bottom\u00a0\u00bb column_padding=\u00a0\u00bbno-extra-padding\u00a0\u00bb column_padding_position=\u00a0\u00bball\u00a0\u00bb background_color_opacity=\u00a0\u00bb1&Prime; width=\u00a0\u00bb5\/6&Prime; column_border_width=\u00a0\u00bbnone\u00a0\u00bb column_border_style=\u00a0\u00bbsolid\u00a0\u00bb delay=\u00a0\u00bb300&Prime;][vc_custom_heading text=\u00a0\u00bbLes fibres cellulosiques sont les principaux \u00e9l\u00e9ments entrant dans la composition des produits du secteur forestier. Au-del\u00e0 de la p\u00e2te commerciale, nous \u00e9tudions aussi les march\u00e9s mondiaux de la fibre r\u00e9cup\u00e9r\u00e9e, des copeaux et des granules de bois, des rondins et du bois de trituration.\u00a0\u00bb font_container=\u00a0\u00bbtag:p|text_align:left|color:rgba(255%2C255%2C255%2C0.9)\u00a0\u00bb use_theme_fonts=\u00a0\u00bbyes\u00a0\u00bb][\/vc_column_inner][vc_column_inner column_padding=\u00a0\u00bbno-extra-padding\u00a0\u00bb column_padding_position=\u00a0\u00bball\u00a0\u00bb background_color_opacity=\u00a0\u00bb1&Prime; width=\u00a0\u00bb1\/6&Prime; column_border_width=\u00a0\u00bbnone\u00a0\u00bb column_border_style=\u00a0\u00bbsolid\u00a0\u00bb][\/vc_column_inner][\/vc_row_inner][\/vc_column][vc_column column_padding=\u00a0\u00bbno-extra-padding\u00a0\u00bb column_padding_position=\u00a0\u00bball\u00a0\u00bb background_color_opacity=\u00a0\u00bb1&Prime; background_hover_color_opacity=\u00a0\u00bb1&Prime; column_shadow=\u00a0\u00bbnone\u00a0\u00bb width=\u00a0\u00bb1\/2&Prime; tablet_text_alignment=\u00a0\u00bbdefault\u00a0\u00bb phone_text_alignment=\u00a0\u00bbdefault\u00a0\u00bb column_border_width=\u00a0\u00bbnone\u00a0\u00bb column_border_style=\u00a0\u00bbsolid\u00a0\u00bb][\/vc_column][\/vc_row][vc_row type=\u00a0\u00bbfull_width_background\u00a0\u00bb full_screen_row_position=\u00a0\u00bbmiddle\u00a0\u00bb bg_image=\u00a0\u00bb6335&Prime; bg_position=\u00a0\u00bbleft top\u00a0\u00bb bg_repeat=\u00a0\u00bbno-repeat\u00a0\u00bb scene_position=\u00a0\u00bbcenter\u00a0\u00bb text_color=\u00a0\u00bbdark\u00a0\u00bb text_align=\u00a0\u00bbleft\u00a0\u00bb top_padding=\u00a0\u00bb8%\u00a0\u00bb bottom_padding=\u00a0\u00bb8%\u00a0\u00bb id=\u00a0\u00bbmarket-segment-content\u00a0\u00bb color_overlay=\u00a0\u00bbrgba(255,255,255,0.9)\u00a0\u00bb overlay_strength=\u00a0\u00bb1&Prime;][vc_column column_padding=\u00a0\u00bbpadding-1-percent\u00a0\u00bb column_padding_position=\u00a0\u00bball\u00a0\u00bb background_color_opacity=\u00a0\u00bb1&Prime; background_hover_color_opacity=\u00a0\u00bb1&Prime; column_shadow=\u00a0\u00bbnone\u00a0\u00bb el_class=\u00a0\u00bbmarket-segment-content-main\u00a0\u00bb width=\u00a0\u00bb2\/3&Prime; tablet_text_alignment=\u00a0\u00bbdefault\u00a0\u00bb phone_text_alignment=\u00a0\u00bbdefault\u00a0\u00bb column_border_width=\u00a0\u00bbnone\u00a0\u00bb column_border_style=\u00a0\u00bbsolid\u00a0\u00bb][vc_column_text css=\u00a0\u00bb.vc_custom_1513266185055{margin-bottom: 23px !important;}\u00a0\u00bb]\n<h2><span style=\"color: #1e83ec;\">Aper\u00e7u<\/span><\/h2>\n[\/vc_column_text][vc_column_text]\n<h4>Gr\u00e2ce \u00e0 notre association avec le CPPP, nous agissons \u00e0 titre de r\u00e9f\u00e9rence de l\u2019industrie pour le march\u00e9 de la p\u00e2te de bois et ses principaux d\u00e9bouch\u00e9s. Le \u00ab World 20 \u00bb et le \u00ab Global 100 \u00bb sont des rapports de r\u00e9f\u00e9rence pour le march\u00e9 mondial de la p\u00e2te de bois qui fournissent un aper\u00e7u d\u00e9taill\u00e9 des facteurs fondamentaux de l&rsquo;offre et de la demande du secteur. En les jumelant \u00e0 nos rapports de pr\u00e9visions, nos bases de donn\u00e9es et nos analyses exhaustives, nous brossons un portrait complet de ce segment crucial et dynamique de l\u2019industrie.<\/h4>\n<h4>Au moyen de ses bases de donn\u00e9es consultables et de ses rapports \u00e9clair mensuels, Numera vous pr\u00e9sente la matrice mondiale d\u2019exp\u00e9ditions des fibres cellulosiques. Des analyses plus approfondies de ces secteurs sont \u00e9galement offertes par le biais de nos fonctions de Recherche personnalis\u00e9e et d\u2019Analyse macro\u00e9conomique.<\/h4>\n[\/vc_column_text][\/vc_column][vc_column column_padding=\u00a0\u00bbpadding-1-percent\u00a0\u00bb column_padding_position=\u00a0\u00bball\u00a0\u00bb background_color_opacity=\u00a0\u00bb1&Prime; background_hover_color_opacity=\u00a0\u00bb1&Prime; column_shadow=\u00a0\u00bbnone\u00a0\u00bb el_class=\u00a0\u00bbmarket-segment-content-sidebar\u00a0\u00bb width=\u00a0\u00bb1\/3&Prime; tablet_text_alignment=\u00a0\u00bbdefault\u00a0\u00bb phone_text_alignment=\u00a0\u00bbdefault\u00a0\u00bb column_border_width=\u00a0\u00bbnone\u00a0\u00bb column_border_style=\u00a0\u00bbsolid\u00a0\u00bb][vc_column_text]\n<h3><span style=\"color: #1e83ec;\">Ce que nous analysons<br \/>\n<\/span><\/h3>\n[\/vc_column_text]<div class=\"nectar-fancy-ul\" data-list-icon=\"icon-search\" data-animation=\"false\" data-animation-delay=\"0\" data-color=\"accent-color\" data-alignment=\"left\"> \n<ul>\n<li>Copeaux<\/li>\n<li>Rondins et bois de trituration.<\/li>\n<li>Granules de bois<\/li>\n<li>P\u00e2te commercialis\u00e9e<\/li>\n<li>Fibre r\u00e9cup\u00e9r\u00e9e<\/li>\n<\/ul>\n <\/div><div class=\"divider-wrap\"><div style=\"height: 30px;\" class=\"divider\"><\/div><\/div>[nectar_btn size=\u00a0\u00bbmedium\u00a0\u00bb button_style=\u00a0\u00bbregular\u00a0\u00bb button_color_2=\u00a0\u00bbAccent-Color\u00a0\u00bb icon_family=\u00a0\u00bbdefault_arrow\u00a0\u00bb url=\u00a0\u00bb\/fr\/contact\u00a0\u00bb text=\u00a0\u00bbCommuniquez avec Numera\u00a0\u00bb][\/vc_column][\/vc_row][vc_row type=\u00a0\u00bbfull_width_background\u00a0\u00bb full_screen_row_position=\u00a0\u00bbmiddle\u00a0\u00bb scene_position=\u00a0\u00bbcenter\u00a0\u00bb text_color=\u00a0\u00bblight\u00a0\u00bb text_align=\u00a0\u00bbleft\u00a0\u00bb top_padding=\u00a0\u00bb8%\u00a0\u00bb bottom_padding=\u00a0\u00bb8%\u00a0\u00bb id=\u00a0\u00bbmarkets\u00a0\u00bb enable_gradient=\u00a0\u00bbtrue\u00a0\u00bb color_overlay=\u00a0\u00bbrgba(0,158,225,0.68)\u00a0\u00bb color_overlay_2=\u00a0\u00bb#006cb7&Prime; gradient_direction=\u00a0\u00bbleft_t_to_right_b\u00a0\u00bb overlay_strength=\u00a0\u00bb1&Prime;][vc_column centered_text=\u00a0\u00bbtrue\u00a0\u00bb column_padding=\u00a0\u00bbno-extra-padding\u00a0\u00bb column_padding_position=\u00a0\u00bball\u00a0\u00bb background_color_opacity=\u00a0\u00bb1&Prime; background_hover_color_opacity=\u00a0\u00bb1&Prime; column_shadow=\u00a0\u00bbnone\u00a0\u00bb width=\u00a0\u00bb1\/1&Prime; tablet_text_alignment=\u00a0\u00bbdefault\u00a0\u00bb phone_text_alignment=\u00a0\u00bbdefault\u00a0\u00bb column_border_width=\u00a0\u00bbnone\u00a0\u00bb column_border_style=\u00a0\u00bbsolid\u00a0\u00bb][vc_row_inner equal_height=\u00a0\u00bbyes\u00a0\u00bb content_placement=\u00a0\u00bbmiddle\u00a0\u00bb column_margin=\u00a0\u00bbdefault\u00a0\u00bb text_align=\u00a0\u00bbleft\u00a0\u00bb][vc_column_inner column_padding=\u00a0\u00bbno-extra-padding\u00a0\u00bb column_padding_position=\u00a0\u00bball\u00a0\u00bb centered_text=\u00a0\u00bbtrue\u00a0\u00bb background_color_opacity=\u00a0\u00bb1&Prime; el_class=\u00a0\u00bbhas-market-links\u00a0\u00bb width=\u00a0\u00bb1\/12&Prime; column_border_width=\u00a0\u00bbnone\u00a0\u00bb column_border_style=\u00a0\u00bbsolid\u00a0\u00bb][\/vc_column_inner][vc_column_inner column_padding=\u00a0\u00bbno-extra-padding\u00a0\u00bb column_padding_position=\u00a0\u00bball\u00a0\u00bb background_color_opacity=\u00a0\u00bb1&Prime; el_class=\u00a0\u00bbhas-market-links market-segment\u00a0\u00bb width=\u00a0\u00bb10\/12&Prime; column_border_width=\u00a0\u00bbnone\u00a0\u00bb column_border_style=\u00a0\u00bbsolid\u00a0\u00bb][vc_custom_heading text=\u00a0\u00bbNos segments de march\u00e9 \u00a0\u00bb font_container=\u00a0\u00bbtag:h2|text_align:center|color:rgba(255%2C255%2C255%2C0.74)\u00a0\u00bb use_theme_fonts=\u00a0\u00bbyes\u00a0\u00bb css_animation=\u00a0\u00bbfadeInUp\u00a0\u00bb][vc_custom_heading text=\u00a0\u00bbNous continuons d\u2019\u00e9largir notre couverture du march\u00e9 et fournissons actuellement des analyses de march\u00e9 dans les secteurs suivants:\u00a0\u00bb font_container=\u00a0\u00bbtag:p|text_align:center|color:%23ffffff\u00a0\u00bb use_theme_fonts=\u00a0\u00bbyes\u00a0\u00bb css_animation=\u00a0\u00bbfadeInUp\u00a0\u00bb]<div class=\"nectar-fancy-ul\" data-list-icon=\"icon-arrow-right\" data-animation=\"false\" data-animation-delay=\"0\" data-color=\"extra-color-2\" data-alignment=\"left\"> \n<ul class=\"col span_4\">\n<li><a href=\"\/fr\/petroleetgaz\/\">Le p\u00e9trole et le gaz<\/a><\/li>\n<li class=\"active\"><a href=\"\/fr\/fibres-cellulosiques\/\">Fibres cellulosiques<\/a><\/li>\n<li><a href=\"\/fr\/fibres-specialisees-derives\">Fibres sp\u00e9cialis\u00e9es \/ D\u00e9riv\u00e9s<\/a><\/li>\n<li><a href=\"\/fr\/textiles-vetements\">Textiles\/V\u00eatements<\/a><\/li>\n<\/ul>\n<ul class=\"col span_4\">\n<li><a href=\"\/fr\/biens-consommation-base\">Biens de consommation de base<\/a><\/li>\n<li><a href=\"\/fr\/materiaux-construction\">Mat\u00e9riaux de construction<\/a><\/li>\n<li><a href=\"\/fr\/produits-chimiques-de-base\">Produits chimiques de base<\/a><\/li>\n<li><a href=\"\/fr\/Produits-chimiques-specialises\">Produits chimiques sp\u00e9cialis\u00e9s <\/a><\/li>\n<li><a href=\"\/fr\/produits-biochimiques\">Produits biochimiques<\/a><\/li>\n<\/ul>\n<ul class=\"col span_4\">\n<li><a href=\"\/fr\/emballage-industriel\">Emballage industriel<\/a><\/li>\n<li><a href=\"\/fr\/emballage-produits-consommation\">Emballage pour produits de consommation<\/a><\/li>\n<li><a href=\"\/fr\/edition-papiers-graphiques\">\u00c9dition\/Papiers graphiques<\/a><\/li>\n<\/ul>\n <\/div>[\/vc_column_inner][vc_column_inner column_padding=\u00a0\u00bbno-extra-padding\u00a0\u00bb column_padding_position=\u00a0\u00bball\u00a0\u00bb background_color_opacity=\u00a0\u00bb1&Prime; width=\u00a0\u00bb1\/12&Prime; column_border_width=\u00a0\u00bbnone\u00a0\u00bb column_border_style=\u00a0\u00bbsolid\u00a0\u00bb][\/vc_column_inner][\/vc_row_inner][\/vc_column][\/vc_row][vc_row type=\u00a0\u00bbfull_width_background\u00a0\u00bb full_screen_row_position=\u00a0\u00bbmiddle\u00a0\u00bb equal_height=\u00a0\u00bbyes\u00a0\u00bb content_placement=\u00a0\u00bbmiddle\u00a0\u00bb bg_image=\u00a0\u00bb6904&Prime; bg_position=\u00a0\u00bbcenter center\u00a0\u00bb bg_repeat=\u00a0\u00bbno-repeat\u00a0\u00bb scene_position=\u00a0\u00bbcenter\u00a0\u00bb text_color=\u00a0\u00bblight\u00a0\u00bb text_align=\u00a0\u00bbleft\u00a0\u00bb top_padding=\u00a0\u00bb5%\u00a0\u00bb bottom_padding=\u00a0\u00bb5%\u00a0\u00bb color_overlay=\u00a0\u00bbrgba(10,6,6,0.84)\u00a0\u00bb overlay_strength=\u00a0\u00bb0.5&Prime;][vc_column column_padding=\u00a0\u00bbno-extra-padding\u00a0\u00bb column_padding_position=\u00a0\u00bball\u00a0\u00bb background_color_opacity=\u00a0\u00bb1&Prime; background_hover_color_opacity=\u00a0\u00bb1&Prime; column_shadow=\u00a0\u00bbnone\u00a0\u00bb width=\u00a0\u00bb1\/1&Prime; tablet_text_alignment=\u00a0\u00bbdefault\u00a0\u00bb phone_text_alignment=\u00a0\u00bbdefault\u00a0\u00bb column_border_width=\u00a0\u00bbnone\u00a0\u00bb column_border_style=\u00a0\u00bbsolid\u00a0\u00bb][vc_row_inner column_margin=\u00a0\u00bbdefault\u00a0\u00bb text_align=\u00a0\u00bbleft\u00a0\u00bb][vc_column_inner column_padding=\u00a0\u00bbno-extra-padding\u00a0\u00bb column_padding_position=\u00a0\u00bball\u00a0\u00bb background_color_opacity=\u00a0\u00bb1&Prime; width=\u00a0\u00bb1\/6&Prime; column_border_width=\u00a0\u00bbnone\u00a0\u00bb column_border_style=\u00a0\u00bbsolid\u00a0\u00bb][\/vc_column_inner][vc_column_inner column_padding=\u00a0\u00bbpadding-2-percent\u00a0\u00bb column_padding_position=\u00a0\u00bbleft-right\u00a0\u00bb centered_text=\u00a0\u00bbtrue\u00a0\u00bb background_color_opacity=\u00a0\u00bb1&Prime; width=\u00a0\u00bb2\/3&Prime; column_border_width=\u00a0\u00bbnone\u00a0\u00bb column_border_style=\u00a0\u00bbsolid\u00a0\u00bb][vc_custom_heading text=\u00a0\u00bbDevenez Un Client\u00a0\u00bb font_container=\u00a0\u00bbtag:h2|font_size:52|text_align:center|line_height:52px\u00a0\u00bb use_theme_fonts=\u00a0\u00bbyes\u00a0\u00bb]<div class=\"divider-wrap\"><div style=\"height: 5px;\" class=\"divider\"><\/div><\/div>[vc_custom_heading text=\u00a0\u00bbQue vous soyez \u00e0 la recherche d\u2019un rapport unique ou d\u00e9siriez une \u00e9tude de march\u00e9 exhaustive avec analyse quantitative, notre flexibilit\u00e9 vous permet de d\u00e9finir votre profil client.\u00a0\u00bb font_container=\u00a0\u00bbtag:p|font_size:18|text_align:center|color:%23ffffff|line_height:26px\u00a0\u00bb use_theme_fonts=\u00a0\u00bbyes\u00a0\u00bb css=\u00a0\u00bb.vc_custom_1513271107343{margin-top: 10px !important;margin-bottom: 10px !important;}\u00a0\u00bb][nectar_btn size=\u00a0\u00bblarge\u00a0\u00bb button_style=\u00a0\u00bbregular\u00a0\u00bb button_color_2=\u00a0\u00bbAccent-Color\u00a0\u00bb icon_family=\u00a0\u00bbdefault_arrow\u00a0\u00bb url=\u00a0\u00bb\/fr\/contact\/\u00a0\u00bb text=\u00a0\u00bbCommuniquez avec nous\u00a0\u00bb margin_top=\u00a0\u00bb5&Prime;][\/vc_column_inner][vc_column_inner column_padding=\u00a0\u00bbno-extra-padding\u00a0\u00bb column_padding_position=\u00a0\u00bball\u00a0\u00bb background_color_opacity=\u00a0\u00bb1&Prime; width=\u00a0\u00bb1\/6&Prime; column_border_width=\u00a0\u00bbnone\u00a0\u00bb column_border_style=\u00a0\u00bbsolid\u00a0\u00bb][\/vc_column_inner][\/vc_row_inner][\/vc_column][\/vc_row]\n","protected":false},"excerpt":{"rendered":"<p>[vc_row type=\u00a0\u00bbfull_width_background\u00a0\u00bb full_screen_row_position=\u00a0\u00bbmiddle\u00a0\u00bb bg_image=\u00a0\u00bb6614&Prime; bg_position=\u00a0\u00bbleft bottom\u00a0\u00bb bg_repeat=\u00a0\u00bbno-repeat\u00a0\u00bb scene_position=\u00a0\u00bbcenter\u00a0\u00bb text_color=\u00a0\u00bblight\u00a0\u00bb text_align=\u00a0\u00bbleft\u00a0\u00bb top_padding=\u00a0\u00bb8%\u00a0\u00bb bottom_padding=\u00a0\u00bb8%\u00a0\u00bb color_overlay=\u00a0\u00bb#0a0a0a\u00a0\u00bb overlay_strength=\u00a0\u00bb0.5&Prime;][vc_column column_padding=\u00a0\u00bbno-extra-padding\u00a0\u00bb column_padding_position=\u00a0\u00bball\u00a0\u00bb background_color_opacity=\u00a0\u00bb1&Prime; background_hover_color_opacity=\u00a0\u00bb1&Prime; column_shadow=\u00a0\u00bbnone\u00a0\u00bb width=\u00a0\u00bb1\/2&Prime; tablet_text_alignment=\u00a0\u00bbdefault\u00a0\u00bb phone_text_alignment=\u00a0\u00bbdefault\u00a0\u00bb column_border_width=\u00a0\u00bbnone\u00a0\u00bb column_border_style=\u00a0\u00bbsolid\u00a0\u00bb][vc_custom_heading text=\u00a0\u00bbSecteur de march\u00e9\u00a0\u00bb font_container=\u00a0\u00bbtag:h5|text_align:left|color:rgba(255%2C255%2C255%2C0.74)\u00a0\u00bb use_theme_fonts=\u00a0\u00bbyes\u00a0\u00bb css_animation=\u00a0\u00bbfadeInUp\u00a0\u00bb][split_line_heading] Fibres cellulosiques [\/split_line_heading][vc_row_inner column_margin=\u00a0\u00bbdefault\u00a0\u00bb text_align=\u00a0\u00bbleft\u00a0\u00bb][vc_column_inner enable_animation=\u00a0\u00bbtrue\u00a0\u00bb animation=\u00a0\u00bbfade-in-from-bottom\u00a0\u00bb column_padding=\u00a0\u00bbno-extra-padding\u00a0\u00bb column_padding_position=\u00a0\u00bball\u00a0\u00bb background_color_opacity=\u00a0\u00bb1&Prime; width=\u00a0\u00bb5\/6&Prime; column_border_width=\u00a0\u00bbnone\u00a0\u00bb column_border_style=\u00a0\u00bbsolid\u00a0\u00bb delay=\u00a0\u00bb300&Prime;][vc_custom_heading text=\u00a0\u00bbLes fibres cellulosiques sont les principaux \u00e9l\u00e9ments entrant dans la composition des produits du secteur forestier. Au-del\u00e0 de la p\u00e2te commerciale, nous \u00e9tudions aussi les march\u00e9s mondiaux de la fibre r\u00e9cup\u00e9r\u00e9e, des copeaux et des granules&#8230;<\/p>\n","protected":false},"author":1,"featured_media":0,"parent":0,"menu_order":0,"comment_status":"closed","ping_status":"closed","template":"","meta":{"footnotes":""},"_links":{"self":[{"href":"https:\/\/numeraanalytics.com\/fr\/wp-json\/wp\/v2\/pages\/7603"}],"collection":[{"href":"https:\/\/numeraanalytics.com\/fr\/wp-json\/wp\/v2\/pages"}],"about":[{"href":"https:\/\/numeraanalytics.com\/fr\/wp-json\/wp\/v2\/types\/page"}],"author":[{"embeddable":true,"href":"https:\/\/numeraanalytics.com\/fr\/wp-json\/wp\/v2\/users\/1"}],"replies":[{"embeddable":true,"href":"https:\/\/numeraanalytics.com\/fr\/wp-json\/wp\/v2\/comments?post=7603"}],"version-history":[{"count":11,"href":"https:\/\/numeraanalytics.com\/fr\/wp-json\/wp\/v2\/pages\/7603\/revisions"}],"predecessor-version":[{"id":18947,"href":"https:\/\/numeraanalytics.com\/fr\/wp-json\/wp\/v2\/pages\/7603\/revisions\/18947"}],"wp:attachment":[{"href":"https:\/\/numeraanalytics.com\/fr\/wp-json\/wp\/v2\/media?parent=7603"}],"curies":[{"name":"wp","href":"https:\/\/api.w.org\/{rel}","templated":true}]}}