{"id":7508,"date":"2017-12-09T05:53:12","date_gmt":"2017-12-09T05:53:12","guid":{"rendered":"https:\/\/numeraanalytics.com\/?page_id=7508"},"modified":"2018-01-03T15:24:17","modified_gmt":"2018-01-03T15:24:17","slug":"macroeconomie","status":"publish","type":"page","link":"https:\/\/numeraanalytics.com\/fr\/macroeconomie\/","title":{"rendered":"Macro\u00e9conomie"},"content":{"rendered":"[vc_row type=\u00a0\u00bbfull_width_background\u00a0\u00bb full_screen_row_position=\u00a0\u00bbmiddle\u00a0\u00bb bg_image=\u00a0\u00bb6342&Prime; bg_position=\u00a0\u00bbleft top\u00a0\u00bb bg_repeat=\u00a0\u00bbno-repeat\u00a0\u00bb parallax_bg=\u00a0\u00bbtrue\u00a0\u00bb parallax_bg_speed=\u00a0\u00bbfast\u00a0\u00bb bg_color=\u00a0\u00bb#333333&Prime; scene_position=\u00a0\u00bbcenter\u00a0\u00bb video_bg=\u00a0\u00bbuse_video\u00a0\u00bb video_mute=\u00a0\u00bbtrue\u00a0\u00bb text_color=\u00a0\u00bblight\u00a0\u00bb text_align=\u00a0\u00bbleft\u00a0\u00bb top_padding=\u00a0\u00bb13%\u00a0\u00bb bottom_padding=\u00a0\u00bb13%\u00a0\u00bb color_overlay=\u00a0\u00bb#0a0a0a\u00a0\u00bb overlay_strength=\u00a0\u00bb0.5&Prime;][vc_column column_padding=\u00a0\u00bbno-extra-padding\u00a0\u00bb column_padding_position=\u00a0\u00bball\u00a0\u00bb background_color_opacity=\u00a0\u00bb1&Prime; background_hover_color_opacity=\u00a0\u00bb1&Prime; column_shadow=\u00a0\u00bbnone\u00a0\u00bb width=\u00a0\u00bb7\/12&Prime; tablet_text_alignment=\u00a0\u00bbdefault\u00a0\u00bb phone_text_alignment=\u00a0\u00bbdefault\u00a0\u00bb column_border_width=\u00a0\u00bbnone\u00a0\u00bb column_border_style=\u00a0\u00bbsolid\u00a0\u00bb][vc_custom_heading text=\u00a0\u00bbMacro\u00e9conomie\u00a0\u00bb font_container=\u00a0\u00bbtag:h5|text_align:left|color:rgba(255%2C255%2C255%2C0.74)\u00a0\u00bb use_theme_fonts=\u00a0\u00bbyes\u00a0\u00bb css_animation=\u00a0\u00bbfadeInUp\u00a0\u00bb][split_line_heading]\n<h2>Une analyse de port\u00e9e mondiale<\/h2>\n<h2>ax\u00e9e sur l\u2019\u00e9conomie r\u00e9elle<\/h2>\n[\/split_line_heading][vc_row_inner column_margin=\u00a0\u00bbdefault\u00a0\u00bb text_align=\u00a0\u00bbleft\u00a0\u00bb][vc_column_inner enable_animation=\u00a0\u00bbtrue\u00a0\u00bb animation=\u00a0\u00bbfade-in-from-bottom\u00a0\u00bb column_padding=\u00a0\u00bbno-extra-padding\u00a0\u00bb column_padding_position=\u00a0\u00bball\u00a0\u00bb background_color_opacity=\u00a0\u00bb1&Prime; width=\u00a0\u00bb5\/6&Prime; column_border_width=\u00a0\u00bbnone\u00a0\u00bb column_border_style=\u00a0\u00bbsolid\u00a0\u00bb delay=\u00a0\u00bb300&Prime;][vc_custom_heading text=\u00a0\u00bbNumera offre une gamme de services de recherche macro\u00e9conomique, allant de l\u2019\u00e9tude unique \u00e0 l\u2019abonnement \u00e0 des rapports mensuels. Nous nous sp\u00e9cialisons en pr\u00e9visions et mod\u00e9lisation \u00e9conomiques, en mettant l\u2019accent sur l\u2019activit\u00e9 industrielle, les biens de consommation, les mat\u00e9riaux interm\u00e9diaires et les produits de base, \u00e0 l\u2019\u00e9chelle mondiale et r\u00e9gionale. Nous tirons une grande fiert\u00e9 de la qualit\u00e9 et de la rigueur de nos analyses, utilisant des techniques quantitatives d\u2019avant-garde pour d\u00e9gager les tendances cl\u00e9s qui influencent l\u2019\u00e9conomie r\u00e9elle.\u00a0\u00bb font_container=\u00a0\u00bbtag:p|text_align:left|color:rgba(255%2C255%2C255%2C0.9)\u00a0\u00bb use_theme_fonts=\u00a0\u00bbyes\u00a0\u00bb][\/vc_column_inner][vc_column_inner column_padding=\u00a0\u00bbno-extra-padding\u00a0\u00bb column_padding_position=\u00a0\u00bball\u00a0\u00bb background_color_opacity=\u00a0\u00bb1&Prime; width=\u00a0\u00bb1\/6&Prime; column_border_width=\u00a0\u00bbnone\u00a0\u00bb column_border_style=\u00a0\u00bbsolid\u00a0\u00bb][\/vc_column_inner][\/vc_row_inner][\/vc_column][vc_column column_padding=\u00a0\u00bbno-extra-padding\u00a0\u00bb column_padding_position=\u00a0\u00bball\u00a0\u00bb background_color_opacity=\u00a0\u00bb1&Prime; background_hover_color_opacity=\u00a0\u00bb1&Prime; column_shadow=\u00a0\u00bbnone\u00a0\u00bb width=\u00a0\u00bb5\/12&Prime; tablet_text_alignment=\u00a0\u00bbdefault\u00a0\u00bb phone_text_alignment=\u00a0\u00bbdefault\u00a0\u00bb column_border_width=\u00a0\u00bbnone\u00a0\u00bb column_border_style=\u00a0\u00bbsolid\u00a0\u00bb][\/vc_column][\/vc_row][vc_row type=\u00a0\u00bbfull_width_content\u00a0\u00bb full_screen_row_position=\u00a0\u00bbmiddle\u00a0\u00bb equal_height=\u00a0\u00bbyes\u00a0\u00bb scene_position=\u00a0\u00bbcenter\u00a0\u00bb text_color=\u00a0\u00bbdark\u00a0\u00bb text_align=\u00a0\u00bbleft\u00a0\u00bb enable_gradient=\u00a0\u00bbtrue\u00a0\u00bb color_overlay=\u00a0\u00bb#000000&Prime; gradient_direction=\u00a0\u00bbleft_to_right\u00a0\u00bb overlay_strength=\u00a0\u00bb0.5&Prime;][vc_column column_padding=\u00a0\u00bbno-extra-padding\u00a0\u00bb column_padding_position=\u00a0\u00bbleft\u00a0\u00bb background_color_opacity=\u00a0\u00bb1&Prime; background_hover_color_opacity=\u00a0\u00bb1&Prime; background_image=\u00a0\u00bb6992&Prime; enable_bg_scale=\u00a0\u00bbtrue\u00a0\u00bb column_shadow=\u00a0\u00bbnone\u00a0\u00bb width=\u00a0\u00bb1\/2&Prime; tablet_text_alignment=\u00a0\u00bbdefault\u00a0\u00bb phone_text_alignment=\u00a0\u00bbdefault\u00a0\u00bb column_border_width=\u00a0\u00bbnone\u00a0\u00bb column_border_style=\u00a0\u00bbsolid\u00a0\u00bb offset=\u00a0\u00bbvc_hidden-xs\u00a0\u00bb][\/vc_column][vc_column column_padding=\u00a0\u00bbno-extra-padding\u00a0\u00bb column_padding_position=\u00a0\u00bball\u00a0\u00bb background_color_opacity=\u00a0\u00bb1&Prime; background_hover_color_opacity=\u00a0\u00bb1&Prime; column_shadow=\u00a0\u00bbnone\u00a0\u00bb width=\u00a0\u00bb1\/2&Prime; tablet_text_alignment=\u00a0\u00bbdefault\u00a0\u00bb phone_text_alignment=\u00a0\u00bbdefault\u00a0\u00bb column_border_width=\u00a0\u00bbnone\u00a0\u00bb column_border_style=\u00a0\u00bbsolid\u00a0\u00bb][vc_row_inner column_margin=\u00a0\u00bbdefault\u00a0\u00bb top_padding=\u00a0\u00bb5%\u00a0\u00bb bottom_padding=\u00a0\u00bb5%\u00a0\u00bb text_align=\u00a0\u00bbleft\u00a0\u00bb css=\u00a0\u00bb.vc_custom_1504118758918{border-radius: 2px !important;}\u00a0\u00bb][vc_column_inner enable_animation=\u00a0\u00bbtrue\u00a0\u00bb animation=\u00a0\u00bbfade-in-from-bottom\u00a0\u00bb column_padding=\u00a0\u00bbpadding-3-percent\u00a0\u00bb column_padding_position=\u00a0\u00bbleft-right\u00a0\u00bb background_color_opacity=\u00a0\u00bb1&Prime; width=\u00a0\u00bb1\/1&Prime; column_border_width=\u00a0\u00bbnone\u00a0\u00bb column_border_style=\u00a0\u00bbsolid\u00a0\u00bb][vc_custom_heading text=\u00a0\u00bbLa s\u00e9rie G2H Macro : Couverture \u00e0 grande fr\u00e9quence de l\u2019\u00e9conomie mondiale\u00a0\u00bb font_container=\u00a0\u00bbtag:h2|font_size:40|text_align:left|line_height:50px\u00a0\u00bb use_theme_fonts=\u00a0\u00bbyes\u00a0\u00bb][vc_custom_heading text=\u00a0\u00bbEn d\u00e9pit de la grande importance de facteurs globaux comme moteur des d\u00e9veloppements \u00e9conomiques r\u00e9gionaux, tr\u00e8s peu de renseignements opportuns sont offerts sur les fluctuations macro\u00e9conomiques \u00e0 l\u2019\u00e9chelle mondiale. Nous proposons actuellement trois rapports mensuels pour r\u00e9pondre \u00e0 ce manque d\u2019information sur le march\u00e9.\u00a0\u00bb font_container=\u00a0\u00bbtag:p|text_align:left|color:%230a0a0a\u00a0\u00bb use_theme_fonts=\u00a0\u00bbyes\u00a0\u00bb]<div class=\"nectar-fancy-ul\" data-list-icon=\"icon-search\" data-animation=\"false\" data-animation-delay=\"0\" data-color=\"accent-color\" data-alignment=\"left\"> \n<ul>\n<li><strong>Production industrielle mondiale:<\/strong>\n<ul>\n<li>La mesure la plus opportune de la production industrielle met l\u2019accent sur les volumes et non les sentiments.<\/li>\n<li>L\u2019Analyse des indicateurs cl\u00e9s comme les biens manufacturiers, la production mini\u00e8re et la production de biens d\u2019investissements.<\/li>\n<\/ul>\n<\/li>\n<li><strong>Secteur manufacturier mondial:\u00a0<\/strong>\n<ul>\n<li>Offre un aper\u00e7u limpide et r\u00e9aliste de l\u2019activit\u00e9 \u00e9conomique sur une base mensuelle.<\/li>\n<li>Fourni une analyse de l\u2019\u00e9cart de production entre la fabrication actuelle et potentielle, et des pr\u00e9visions sur les variations de l\u2019inflation.<\/li>\n<\/ul>\n<\/li>\n<li><strong>Ventes au d\u00e9tail\u00a0mondiales:<\/strong>\n<ul>\n<li>Les premiers \u00e0 fournir sur une base mensuelle des donn\u00e9es sur la consommation et les consommateurs.<\/li>\n<li>Les \u00e9l\u00e9ments qui ont une incidence sur le prix de l\u2019\u00e9nergie, le cr\u00e9dit et la croissance des revenus sur les d\u00e9penses au d\u00e9tail \u00e0 l\u2019\u00e9chelle mondiale.<\/li>\n<\/ul>\n<\/li>\n<\/ul>\n <\/div>[nectar_btn size=\u00a0\u00bblarge\u00a0\u00bb button_style=\u00a0\u00bbregular\u00a0\u00bb button_color_2=\u00a0\u00bbAccent-Color\u00a0\u00bb icon_family=\u00a0\u00bbdefault_arrow\u00a0\u00bb url=\u00a0\u00bb\/fr\/rapports-macroeconomiques\/\u00a0\u00bb text=\u00a0\u00bbABONNEZ-VOUS\u00a0\u00bb margin_top=\u00a0\u00bb8px\u00a0\u00bb][\/vc_column_inner][\/vc_row_inner][\/vc_column][\/vc_row][vc_row type=\u00a0\u00bbfull_width_content\u00a0\u00bb full_screen_row_position=\u00a0\u00bbmiddle\u00a0\u00bb equal_height=\u00a0\u00bbyes\u00a0\u00bb content_placement=\u00a0\u00bbmiddle\u00a0\u00bb bg_color=\u00a0\u00bb#ffffff\u00a0\u00bb scene_position=\u00a0\u00bbcenter\u00a0\u00bb text_color=\u00a0\u00bbdark\u00a0\u00bb text_align=\u00a0\u00bbleft\u00a0\u00bb id=\u00a0\u00bbresearch\u00a0\u00bb overlay_strength=\u00a0\u00bb0.3&Prime;][vc_column column_padding=\u00a0\u00bbpadding-10-percent\u00a0\u00bb column_padding_position=\u00a0\u00bball\u00a0\u00bb background_color=\u00a0\u00bb#f4f4f4&Prime; background_color_opacity=\u00a0\u00bb1&Prime; background_hover_color_opacity=\u00a0\u00bb1&Prime; column_shadow=\u00a0\u00bbnone\u00a0\u00bb width=\u00a0\u00bb1\/2&Prime; tablet_text_alignment=\u00a0\u00bbdefault\u00a0\u00bb phone_text_alignment=\u00a0\u00bbdefault\u00a0\u00bb column_border_width=\u00a0\u00bbnone\u00a0\u00bb column_border_style=\u00a0\u00bbsolid\u00a0\u00bb][vc_row_inner column_margin=\u00a0\u00bbdefault\u00a0\u00bb text_align=\u00a0\u00bbleft\u00a0\u00bb][vc_column_inner enable_animation=\u00a0\u00bbtrue\u00a0\u00bb animation=\u00a0\u00bbfade-in-from-bottom\u00a0\u00bb column_padding=\u00a0\u00bbno-extra-padding\u00a0\u00bb column_padding_position=\u00a0\u00bball\u00a0\u00bb background_color_opacity=\u00a0\u00bb1&Prime; width=\u00a0\u00bb1\/1&Prime; column_border_width=\u00a0\u00bbnone\u00a0\u00bb column_border_style=\u00a0\u00bbsolid\u00a0\u00bb][vc_custom_heading text=\u00a0\u00bbLes avantages de la recherche macro\u00e9conomique\u00a0\u00bb font_container=\u00a0\u00bbtag:h2|font_size:40|text_align:left|line_height:50px\u00a0\u00bb use_theme_fonts=\u00a0\u00bbyes\u00a0\u00bb][vc_custom_heading text=\u00a0\u00bbNos mod\u00e8les de pr\u00e9vision font l\u2019objet de contr\u00f4les d\u2019exactitude sur une base r\u00e9guli\u00e8re, de mani\u00e8re \u00e0 livrer au client un aper\u00e7u clair et objectif des d\u00e9veloppements \u00e9conomiques \u00e0 venir.\u00a0\u00bb font_container=\u00a0\u00bbtag:p|text_align:left|color:%230a0a0a\u00a0\u00bb use_theme_fonts=\u00a0\u00bbyes\u00a0\u00bb][vc_custom_heading text=\u00a0\u00bbEn tant que client de notre pratique de recherche macro\u00e9conomique, vous aurez acc\u00e8s \u00e0:\u00a0\u00bb font_container=\u00a0\u00bbtag:p|text_align:left|color:%230a0a0a\u00a0\u00bb use_theme_fonts=\u00a0\u00bbyes\u00a0\u00bb]<div class=\"nectar-fancy-ul\" data-list-icon=\"icon-search\" data-animation=\"false\" data-animation-delay=\"0\" data-color=\"accent-color\" data-alignment=\"left\"> \n<ul>\n<li><strong>des commentaires et analyses approfondis sur une base mensuelle<\/strong><\/li>\n<li><strong>des bases de donn\u00e9es exhaustives sur l\u2019\u00e9conomie mondiale<\/strong><\/li>\n<li><strong>des rapports de pr\u00e9visions<\/strong><\/li>\n<li><strong>des possibilit\u00e9s de recherches sp\u00e9cialis\u00e9es<\/strong><\/li>\n<li><strong>des \u00e9laborations de sc\u00e9nario<\/strong><\/li>\n<\/ul>\n <\/div>[nectar_btn size=\u00a0\u00bblarge\u00a0\u00bb button_style=\u00a0\u00bbregular\u00a0\u00bb button_color_2=\u00a0\u00bbAccent-Color\u00a0\u00bb icon_family=\u00a0\u00bbdefault_arrow\u00a0\u00bb url=\u00a0\u00bb\/fr\/contact\u00a0\u00bb text=\u00a0\u00bbCOMMUNIQUEZ AVEC NUMERA\u00a0\u00bb margin_top=\u00a0\u00bb8px\u00a0\u00bb][\/vc_column_inner][\/vc_row_inner][\/vc_column][vc_column column_padding=\u00a0\u00bbno-extra-padding\u00a0\u00bb column_padding_position=\u00a0\u00bball\u00a0\u00bb background_color_opacity=\u00a0\u00bb1&Prime; background_hover_color_opacity=\u00a0\u00bb1&Prime; background_image=\u00a0\u00bb6182&Prime; enable_bg_scale=\u00a0\u00bbtrue\u00a0\u00bb column_shadow=\u00a0\u00bbnone\u00a0\u00bb width=\u00a0\u00bb1\/2&Prime; tablet_text_alignment=\u00a0\u00bbdefault\u00a0\u00bb phone_text_alignment=\u00a0\u00bbdefault\u00a0\u00bb column_border_width=\u00a0\u00bbnone\u00a0\u00bb column_border_style=\u00a0\u00bbsolid\u00a0\u00bb offset=\u00a0\u00bbvc_hidden-xs\u00a0\u00bb][\/vc_column][\/vc_row][vc_row type=\u00a0\u00bbfull_width_background\u00a0\u00bb full_screen_row_position=\u00a0\u00bbmiddle\u00a0\u00bb equal_height=\u00a0\u00bbyes\u00a0\u00bb content_placement=\u00a0\u00bbmiddle\u00a0\u00bb bg_image=\u00a0\u00bb6904&Prime; bg_position=\u00a0\u00bbcenter center\u00a0\u00bb bg_repeat=\u00a0\u00bbno-repeat\u00a0\u00bb scene_position=\u00a0\u00bbcenter\u00a0\u00bb text_color=\u00a0\u00bblight\u00a0\u00bb text_align=\u00a0\u00bbleft\u00a0\u00bb top_padding=\u00a0\u00bb5%\u00a0\u00bb bottom_padding=\u00a0\u00bb5%\u00a0\u00bb color_overlay=\u00a0\u00bbrgba(10,6,6,0.84)\u00a0\u00bb overlay_strength=\u00a0\u00bb0.5&Prime;][vc_column column_padding=\u00a0\u00bbno-extra-padding\u00a0\u00bb column_padding_position=\u00a0\u00bball\u00a0\u00bb background_color_opacity=\u00a0\u00bb1&Prime; background_hover_color_opacity=\u00a0\u00bb1&Prime; column_shadow=\u00a0\u00bbnone\u00a0\u00bb width=\u00a0\u00bb1\/1&Prime; tablet_text_alignment=\u00a0\u00bbdefault\u00a0\u00bb phone_text_alignment=\u00a0\u00bbdefault\u00a0\u00bb column_border_width=\u00a0\u00bbnone\u00a0\u00bb column_border_style=\u00a0\u00bbsolid\u00a0\u00bb][vc_row_inner column_margin=\u00a0\u00bbdefault\u00a0\u00bb text_align=\u00a0\u00bbleft\u00a0\u00bb][vc_column_inner column_padding=\u00a0\u00bbno-extra-padding\u00a0\u00bb column_padding_position=\u00a0\u00bball\u00a0\u00bb background_color_opacity=\u00a0\u00bb1&Prime; width=\u00a0\u00bb1\/6&Prime; column_border_width=\u00a0\u00bbnone\u00a0\u00bb column_border_style=\u00a0\u00bbsolid\u00a0\u00bb][\/vc_column_inner][vc_column_inner column_padding=\u00a0\u00bbpadding-2-percent\u00a0\u00bb column_padding_position=\u00a0\u00bbleft-right\u00a0\u00bb centered_text=\u00a0\u00bbtrue\u00a0\u00bb background_color_opacity=\u00a0\u00bb1&Prime; width=\u00a0\u00bb2\/3&Prime; column_border_width=\u00a0\u00bbnone\u00a0\u00bb column_border_style=\u00a0\u00bbsolid\u00a0\u00bb][vc_custom_heading text=\u00a0\u00bbDevenez un client\u00a0\u00bb font_container=\u00a0\u00bbtag:h2|font_size:52|text_align:center|line_height:52px\u00a0\u00bb use_theme_fonts=\u00a0\u00bbyes\u00a0\u00bb]<div class=\"divider-wrap\"><div style=\"height: 5px;\" class=\"divider\"><\/div><\/div>[vc_custom_heading text=\u00a0\u00bbQue vous soyez \u00e0 la recherche d\u2019un rapport unique ou d\u00e9siriez une \u00e9tude de march\u00e9 exhaustive avec analyse quantitative, notre flexibilit\u00e9 vous permet de d\u00e9finir votre profil client.\u00a0\u00bb font_container=\u00a0\u00bbtag:p|font_size:18|text_align:center|color:%23ffffff|line_height:26px\u00a0\u00bb use_theme_fonts=\u00a0\u00bbyes\u00a0\u00bb css=\u00a0\u00bb.vc_custom_1512798763412{margin-top: 10px !important;margin-bottom: 10px !important;}\u00a0\u00bb][nectar_btn size=\u00a0\u00bblarge\u00a0\u00bb button_style=\u00a0\u00bbregular\u00a0\u00bb button_color_2=\u00a0\u00bbAccent-Color\u00a0\u00bb icon_family=\u00a0\u00bbdefault_arrow\u00a0\u00bb url=\u00a0\u00bb\/fr\/contact\u00a0\u00bb text=\u00a0\u00bbCOMMUNIQUEZ AVEC NOUS\u00a0\u00bb margin_top=\u00a0\u00bb5&Prime;][\/vc_column_inner][vc_column_inner column_padding=\u00a0\u00bbno-extra-padding\u00a0\u00bb column_padding_position=\u00a0\u00bball\u00a0\u00bb background_color_opacity=\u00a0\u00bb1&Prime; width=\u00a0\u00bb1\/6&Prime; column_border_width=\u00a0\u00bbnone\u00a0\u00bb column_border_style=\u00a0\u00bbsolid\u00a0\u00bb][\/vc_column_inner][\/vc_row_inner][\/vc_column][\/vc_row]\n","protected":false},"excerpt":{"rendered":"<p>[vc_row type=\u00a0\u00bbfull_width_background\u00a0\u00bb full_screen_row_position=\u00a0\u00bbmiddle\u00a0\u00bb bg_image=\u00a0\u00bb6342&Prime; bg_position=\u00a0\u00bbleft top\u00a0\u00bb bg_repeat=\u00a0\u00bbno-repeat\u00a0\u00bb parallax_bg=\u00a0\u00bbtrue\u00a0\u00bb parallax_bg_speed=\u00a0\u00bbfast\u00a0\u00bb bg_color=\u00a0\u00bb#333333&Prime; scene_position=\u00a0\u00bbcenter\u00a0\u00bb video_bg=\u00a0\u00bbuse_video\u00a0\u00bb video_mute=\u00a0\u00bbtrue\u00a0\u00bb text_color=\u00a0\u00bblight\u00a0\u00bb text_align=\u00a0\u00bbleft\u00a0\u00bb top_padding=\u00a0\u00bb13%\u00a0\u00bb bottom_padding=\u00a0\u00bb13%\u00a0\u00bb color_overlay=\u00a0\u00bb#0a0a0a\u00a0\u00bb overlay_strength=\u00a0\u00bb0.5&Prime;][vc_column column_padding=\u00a0\u00bbno-extra-padding\u00a0\u00bb column_padding_position=\u00a0\u00bball\u00a0\u00bb background_color_opacity=\u00a0\u00bb1&Prime; background_hover_color_opacity=\u00a0\u00bb1&Prime; column_shadow=\u00a0\u00bbnone\u00a0\u00bb width=\u00a0\u00bb7\/12&Prime; tablet_text_alignment=\u00a0\u00bbdefault\u00a0\u00bb phone_text_alignment=\u00a0\u00bbdefault\u00a0\u00bb column_border_width=\u00a0\u00bbnone\u00a0\u00bb column_border_style=\u00a0\u00bbsolid\u00a0\u00bb][vc_custom_heading text=\u00a0\u00bbMacro\u00e9conomie\u00a0\u00bb font_container=\u00a0\u00bbtag:h5|text_align:left|color:rgba(255%2C255%2C255%2C0.74)\u00a0\u00bb use_theme_fonts=\u00a0\u00bbyes\u00a0\u00bb css_animation=\u00a0\u00bbfadeInUp\u00a0\u00bb][split_line_heading] Une analyse de port\u00e9e mondiale ax\u00e9e sur l\u2019\u00e9conomie r\u00e9elle [\/split_line_heading][vc_row_inner column_margin=\u00a0\u00bbdefault\u00a0\u00bb text_align=\u00a0\u00bbleft\u00a0\u00bb][vc_column_inner enable_animation=\u00a0\u00bbtrue\u00a0\u00bb animation=\u00a0\u00bbfade-in-from-bottom\u00a0\u00bb column_padding=\u00a0\u00bbno-extra-padding\u00a0\u00bb column_padding_position=\u00a0\u00bball\u00a0\u00bb background_color_opacity=\u00a0\u00bb1&Prime; width=\u00a0\u00bb5\/6&Prime; column_border_width=\u00a0\u00bbnone\u00a0\u00bb column_border_style=\u00a0\u00bbsolid\u00a0\u00bb delay=\u00a0\u00bb300&Prime;][vc_custom_heading text=\u00a0\u00bbNumera offre une gamme de services de recherche macro\u00e9conomique, allant de l\u2019\u00e9tude unique \u00e0 l\u2019abonnement \u00e0 des rapports mensuels. Nous nous sp\u00e9cialisons en pr\u00e9visions et mod\u00e9lisation&#8230;<\/p>\n","protected":false},"author":1,"featured_media":0,"parent":0,"menu_order":0,"comment_status":"closed","ping_status":"closed","template":"","meta":{"footnotes":""},"_links":{"self":[{"href":"https:\/\/numeraanalytics.com\/fr\/wp-json\/wp\/v2\/pages\/7508"}],"collection":[{"href":"https:\/\/numeraanalytics.com\/fr\/wp-json\/wp\/v2\/pages"}],"about":[{"href":"https:\/\/numeraanalytics.com\/fr\/wp-json\/wp\/v2\/types\/page"}],"author":[{"embeddable":true,"href":"https:\/\/numeraanalytics.com\/fr\/wp-json\/wp\/v2\/users\/1"}],"replies":[{"embeddable":true,"href":"https:\/\/numeraanalytics.com\/fr\/wp-json\/wp\/v2\/comments?post=7508"}],"version-history":[{"count":5,"href":"https:\/\/numeraanalytics.com\/fr\/wp-json\/wp\/v2\/pages\/7508\/revisions"}],"predecessor-version":[{"id":7729,"href":"https:\/\/numeraanalytics.com\/fr\/wp-json\/wp\/v2\/pages\/7508\/revisions\/7729"}],"wp:attachment":[{"href":"https:\/\/numeraanalytics.com\/fr\/wp-json\/wp\/v2\/media?parent=7508"}],"curies":[{"name":"wp","href":"https:\/\/api.w.org\/{rel}","templated":true}]}}