{"id":21246,"date":"2026-01-16T15:36:39","date_gmt":"2026-01-16T20:36:39","guid":{"rendered":"https:\/\/numeraanalytics.com\/?page_id=21246"},"modified":"2026-01-16T15:45:58","modified_gmt":"2026-01-16T20:45:58","slug":"nicolas-alexander","status":"publish","type":"page","link":"https:\/\/numeraanalytics.com\/fr\/nicolas-alexander\/","title":{"rendered":"Nicol\u00e1s Alexander"},"content":{"rendered":"[vc_row type=\u00a0\u00bbfull_width_background\u00a0\u00bb full_screen_row_position=\u00a0\u00bbmiddle\u00a0\u00bb bg_color=\u00a0\u00bb#f2f2f2&Prime; scene_position=\u00a0\u00bbcenter\u00a0\u00bb text_color=\u00a0\u00bbdark\u00a0\u00bb text_align=\u00a0\u00bbleft\u00a0\u00bb overlay_strength=\u00a0\u00bb0.3&Prime;][vc_column enable_animation=\u00a0\u00bbtrue\u00a0\u00bb animation=\u00a0\u00bbfade-in-from-bottom\u00a0\u00bb column_padding=\u00a0\u00bbno-extra-padding\u00a0\u00bb column_padding_position=\u00a0\u00bball\u00a0\u00bb background_color_opacity=\u00a0\u00bb1&Prime; background_hover_color_opacity=\u00a0\u00bb1&Prime; column_shadow=\u00a0\u00bbnone\u00a0\u00bb width=\u00a0\u00bb1\/2&Prime; tablet_text_alignment=\u00a0\u00bbdefault\u00a0\u00bb phone_text_alignment=\u00a0\u00bbdefault\u00a0\u00bb column_border_width=\u00a0\u00bbnone\u00a0\u00bb column_border_style=\u00a0\u00bbsolid\u00a0\u00bb delay=\u00a0\u00bb500&Prime;]<div class=\"divider-wrap\"><div style=\"height: 100px;\" class=\"divider\"><\/div><\/div>[vc_column_text]\n<h3>Nicol\u00e1s Alexander <\/h3>\n<h4 class=\"title\">ASSOCI\u00c9 DE RECHERCHE<\/h4>\n<div class=\"team-desc\">\n<p>Nicol\u00e1s est associ\u00e9 de recherche au sein du d\u00e9partement de recherche macro\u00e9conomique de Numera, o\u00f9 il contribue \u00e0 la production des publications \u00e9conomiques mondiales, am\u00e9ricaines et latino-am\u00e9ricaines. Il participe \u00e9galement activement \u00e0 la maintenance et au d\u00e9veloppement de l&rsquo;infrastructure de mod\u00e9lisation de l&rsquo;entreprise, ainsi qu&rsquo;\u00e0 la mise \u00e0 jour r\u00e9guli\u00e8re des mod\u00e8les et des fichiers de pr\u00e9visions.<br \/>\n&nbsp;<br \/>\nNicol\u00e1s est titulaire d&rsquo;un baccalaur\u00e9at en \u00e9conomie, obtenue avec mention \u00e0 l&rsquo;Universit\u00e9 du Centre d&rsquo;\u00e9tudes macro\u00e9conomiques d&rsquo;Argentine (UCEMA).<br \/>\n&nbsp;<\/p>\n<\/div>\n[\/vc_column_text][nectar_btn size=\u00a0\u00bbmedium\u00a0\u00bb button_style=\u00a0\u00bbregular\u00a0\u00bb button_color_2=\u00a0\u00bbAccent-Color\u00a0\u00bb icon_family=\u00a0\u00bbdefault_arrow\u00a0\u00bb url=\u00a0\u00bbhttps:\/\/numeraanalytics.com\/fr\/a-propos\/#equipe\u00a0\u00bb text=\u00a0\u00bbNotre \u00e9quipe \u00ab\u00a0][\/vc_column][vc_column column_padding=\u00a0\u00bbno-extra-padding\u00a0\u00bb column_padding_position=\u00a0\u00bball\u00a0\u00bb background_color_opacity=\u00a0\u00bb1&Prime; background_hover_color_opacity=\u00a0\u00bb1&Prime; column_shadow=\u00a0\u00bbnone\u00a0\u00bb width=\u00a0\u00bb1\/2&Prime; tablet_text_alignment=\u00a0\u00bbdefault\u00a0\u00bb phone_text_alignment=\u00a0\u00bbdefault\u00a0\u00bb column_border_width=\u00a0\u00bbnone\u00a0\u00bb column_border_style=\u00a0\u00bbsolid\u00a0\u00bb]<div class=\"img-with-aniamtion-wrap right\" data-max-width=\"100%\"><div class=\"inner\"><img loading=\"lazy\" decoding=\"async\" data-shadow=\"none\" data-shadow-direction=\"middle\" class=\"img-with-animation \" data-delay=\"0\" height=\"600\" width=\"600\" data-animation=\"fade-in-from-right\" src=\"https:\/\/numeraanalytics.com\/wp-content\/uploads\/Nicolas-600.jpg\" srcset=\"https:\/\/numeraanalytics.com\/wp-content\/uploads\/Nicolas-600.jpg 600w, https:\/\/numeraanalytics.com\/wp-content\/uploads\/Nicolas-600-300x300.jpg 300w, https:\/\/numeraanalytics.com\/wp-content\/uploads\/Nicolas-600-150x150.jpg 150w, https:\/\/numeraanalytics.com\/wp-content\/uploads\/Nicolas-600-100x100.jpg 100w, https:\/\/numeraanalytics.com\/wp-content\/uploads\/Nicolas-600-500x500.jpg 500w, https:\/\/numeraanalytics.com\/wp-content\/uploads\/Nicolas-600-350x350.jpg 350w\" sizes=\"100vw\" alt=\"\" \/><\/div><\/div>[\/vc_column][\/vc_row][vc_row type=\u00a0\u00bbfull_width_background\u00a0\u00bb full_screen_row_position=\u00a0\u00bbmiddle\u00a0\u00bb scene_position=\u00a0\u00bbcenter\u00a0\u00bb text_color=\u00a0\u00bbdark\u00a0\u00bb text_align=\u00a0\u00bbleft\u00a0\u00bb top_padding=\u00a0\u00bb55&Prime; bottom_padding=\u00a0\u00bb50&Prime; overlay_strength=\u00a0\u00bb0.3&Prime;][vc_column enable_animation=\u00a0\u00bbtrue\u00a0\u00bb animation=\u00a0\u00bbfade-in\u00a0\u00bb column_padding=\u00a0\u00bbno-extra-padding\u00a0\u00bb column_padding_position=\u00a0\u00bball\u00a0\u00bb background_color_opacity=\u00a0\u00bb1&Prime; background_hover_color_opacity=\u00a0\u00bb1&Prime; column_shadow=\u00a0\u00bbnone\u00a0\u00bb width=\u00a0\u00bb1\/3&Prime; tablet_text_alignment=\u00a0\u00bbdefault\u00a0\u00bb phone_text_alignment=\u00a0\u00bbdefault\u00a0\u00bb column_border_width=\u00a0\u00bbnone\u00a0\u00bb column_border_style=\u00a0\u00bbsolid\u00a0\u00bb delay=\u00a0\u00bb1050&Prime;][vc_column_text]\n<h3><i class=\"icon-default-style fa fa-bar-chart extra-color-1\"><\/i> <a href=\"\/marketanalysis\/\" rel=\"noopener\">Sectoral Analysis<\/a><\/h3>\n[\/vc_column_text][\/vc_column][vc_column enable_animation=\u00a0\u00bbtrue\u00a0\u00bb animation=\u00a0\u00bbfade-in\u00a0\u00bb column_padding=\u00a0\u00bbno-extra-padding\u00a0\u00bb column_padding_position=\u00a0\u00bball\u00a0\u00bb background_color_opacity=\u00a0\u00bb1&Prime; background_hover_color_opacity=\u00a0\u00bb1&Prime; column_shadow=\u00a0\u00bbnone\u00a0\u00bb width=\u00a0\u00bb1\/3&Prime; tablet_text_alignment=\u00a0\u00bbdefault\u00a0\u00bb phone_text_alignment=\u00a0\u00bbdefault\u00a0\u00bb column_border_width=\u00a0\u00bbnone\u00a0\u00bb column_border_style=\u00a0\u00bbsolid\u00a0\u00bb delay=\u00a0\u00bb1100&Prime;][vc_column_text]\n<h3><i class=\"icon-default-style fa fa-line-chart extra-color-1\"><\/i>\u00a0<a href=\"https:\/\/numeraanalytics.com\/fr\/recherchemacro-2\/\" rel=\"noopener\">Macro Research<\/a><\/h3>\n[\/vc_column_text][\/vc_column][vc_column enable_animation=\u00a0\u00bbtrue\u00a0\u00bb animation=\u00a0\u00bbfade-in\u00a0\u00bb column_padding=\u00a0\u00bbno-extra-padding\u00a0\u00bb column_padding_position=\u00a0\u00bball\u00a0\u00bb background_color_opacity=\u00a0\u00bb1&Prime; background_hover_color_opacity=\u00a0\u00bb1&Prime; column_shadow=\u00a0\u00bbnone\u00a0\u00bb width=\u00a0\u00bb1\/3&Prime; tablet_text_alignment=\u00a0\u00bbdefault\u00a0\u00bb phone_text_alignment=\u00a0\u00bbdefault\u00a0\u00bb column_border_width=\u00a0\u00bbnone\u00a0\u00bb column_border_style=\u00a0\u00bbsolid\u00a0\u00bb delay=\u00a0\u00bb1150&Prime;][vc_column_text]\n<h3><i class=\"icon-default-style fa fa-search-plus extra-color-1\"><\/i> <a href=\"https:\/\/numeraanalytics.com\/fr\/recherche-personnalisee\/\" rel=\"noopener\">Custom Research<\/a><\/h3>\n[\/vc_column_text][\/vc_column][\/vc_row]\n","protected":false},"excerpt":{"rendered":"<p>[vc_row type=\u00a0\u00bbfull_width_background\u00a0\u00bb full_screen_row_position=\u00a0\u00bbmiddle\u00a0\u00bb bg_color=\u00a0\u00bb#f2f2f2&Prime; scene_position=\u00a0\u00bbcenter\u00a0\u00bb text_color=\u00a0\u00bbdark\u00a0\u00bb text_align=\u00a0\u00bbleft\u00a0\u00bb overlay_strength=\u00a0\u00bb0.3&Prime;][vc_column enable_animation=\u00a0\u00bbtrue\u00a0\u00bb animation=\u00a0\u00bbfade-in-from-bottom\u00a0\u00bb column_padding=\u00a0\u00bbno-extra-padding\u00a0\u00bb column_padding_position=\u00a0\u00bball\u00a0\u00bb background_color_opacity=\u00a0\u00bb1&Prime; background_hover_color_opacity=\u00a0\u00bb1&Prime; column_shadow=\u00a0\u00bbnone\u00a0\u00bb width=\u00a0\u00bb1\/2&Prime; tablet_text_alignment=\u00a0\u00bbdefault\u00a0\u00bb phone_text_alignment=\u00a0\u00bbdefault\u00a0\u00bb column_border_width=\u00a0\u00bbnone\u00a0\u00bb column_border_style=\u00a0\u00bbsolid\u00a0\u00bb delay=\u00a0\u00bb500&Prime;][vc_column_text] Nicol\u00e1s Alexander ASSOCI\u00c9 DE RECHERCHE Nicol\u00e1s est associ\u00e9 de recherche au sein du d\u00e9partement de recherche macro\u00e9conomique de Numera, o\u00f9 il contribue \u00e0 la production des publications \u00e9conomiques mondiales, am\u00e9ricaines et latino-am\u00e9ricaines. Il participe \u00e9galement activement \u00e0 la maintenance et au d\u00e9veloppement de l&rsquo;infrastructure de mod\u00e9lisation de l&rsquo;entreprise, ainsi qu&rsquo;\u00e0 la mise \u00e0 jour r\u00e9guli\u00e8re des mod\u00e8les et des&#8230;<\/p>\n","protected":false},"author":10,"featured_media":0,"parent":0,"menu_order":0,"comment_status":"closed","ping_status":"closed","template":"","meta":{"footnotes":""},"_links":{"self":[{"href":"https:\/\/numeraanalytics.com\/fr\/wp-json\/wp\/v2\/pages\/21246"}],"collection":[{"href":"https:\/\/numeraanalytics.com\/fr\/wp-json\/wp\/v2\/pages"}],"about":[{"href":"https:\/\/numeraanalytics.com\/fr\/wp-json\/wp\/v2\/types\/page"}],"author":[{"embeddable":true,"href":"https:\/\/numeraanalytics.com\/fr\/wp-json\/wp\/v2\/users\/10"}],"replies":[{"embeddable":true,"href":"https:\/\/numeraanalytics.com\/fr\/wp-json\/wp\/v2\/comments?post=21246"}],"version-history":[{"count":4,"href":"https:\/\/numeraanalytics.com\/fr\/wp-json\/wp\/v2\/pages\/21246\/revisions"}],"predecessor-version":[{"id":21257,"href":"https:\/\/numeraanalytics.com\/fr\/wp-json\/wp\/v2\/pages\/21246\/revisions\/21257"}],"wp:attachment":[{"href":"https:\/\/numeraanalytics.com\/fr\/wp-json\/wp\/v2\/media?parent=21246"}],"curies":[{"name":"wp","href":"https:\/\/api.w.org\/{rel}","templated":true}]}}