{"id":18563,"date":"2023-06-20T09:10:45","date_gmt":"2023-06-20T13:10:45","guid":{"rendered":"https:\/\/numeraanalytics.com\/?page_id=18563"},"modified":"2024-09-13T11:13:52","modified_gmt":"2024-09-13T15:13:52","slug":"luciano-campos","status":"publish","type":"page","link":"https:\/\/numeraanalytics.com\/fr\/luciano-campos\/","title":{"rendered":"Luciano Campos"},"content":{"rendered":"[vc_row type=\u00a0\u00bbfull_width_background\u00a0\u00bb full_screen_row_position=\u00a0\u00bbmiddle\u00a0\u00bb bg_color=\u00a0\u00bb#f2f2f2&Prime; scene_position=\u00a0\u00bbcenter\u00a0\u00bb text_color=\u00a0\u00bbdark\u00a0\u00bb text_align=\u00a0\u00bbleft\u00a0\u00bb overlay_strength=\u00a0\u00bb0.3&Prime;][vc_column enable_animation=\u00a0\u00bbtrue\u00a0\u00bb animation=\u00a0\u00bbfade-in-from-bottom\u00a0\u00bb column_padding=\u00a0\u00bbno-extra-padding\u00a0\u00bb column_padding_position=\u00a0\u00bball\u00a0\u00bb background_color_opacity=\u00a0\u00bb1&Prime; background_hover_color_opacity=\u00a0\u00bb1&Prime; column_shadow=\u00a0\u00bbnone\u00a0\u00bb width=\u00a0\u00bb1\/2&Prime; tablet_text_alignment=\u00a0\u00bbdefault\u00a0\u00bb phone_text_alignment=\u00a0\u00bbdefault\u00a0\u00bb column_border_width=\u00a0\u00bbnone\u00a0\u00bb column_border_style=\u00a0\u00bbsolid\u00a0\u00bb delay=\u00a0\u00bb500&Prime;]<div class=\"divider-wrap\"><div style=\"height: 100px;\" class=\"divider\"><\/div><\/div>[vc_column_text]\n<h3>Luciano Campos<\/h3>\n<h4><span style=\"font-size: 16px;\">\u00c9CONOMISTE PRINCIPAL<\/span><\/h4>\n<div class=\"team-desc\">\n<p>Luciano Campos est \u00e9conomiste principal au sein de l&rsquo;\u00e9quipe de recherche macro\u00e9conomique de Numera. Il est responsable de la production des rapports Macro Perspectives de Numera. Au-del\u00e0 de son implication dans la recherche \u00e9conomique, il est responsable de la construction des mod\u00e8les \u00e9conom\u00e9triques pour les analyses structurelles et les pr\u00e9visions.<\/p>\n<p>Luciano a plus de 15 ans d&rsquo;exp\u00e9rience dans la recherche en \u00e9conom\u00e9trie structurelle. Avant de se joindre \u00e0 Numera, il a \u00e9t\u00e9 professeur invit\u00e9 \u00e0 l&rsquo;universit\u00e9 d&rsquo;Alcal\u00e1 en Espagne. Il a \u00e9galement occup\u00e9 des postes de chercheur invit\u00e9 \u00e0 la Banque d&rsquo;Espagne et \u00e0 la Banque centrale d&rsquo;Argentine. Il a publi\u00e9 des recherches sur la macro\u00e9conom\u00e9trie dans diverses revues \u00e9conomiques de premier plan. Il est titulaire d&rsquo;un doctorat en \u00e9conomie de l&rsquo;Universit\u00e9 Complutense de Madrid.<\/p>\n<\/div>\n<div class=\"team-desc\">\n<\/div>\n[\/vc_column_text][nectar_btn size=\u00a0\u00bbmedium\u00a0\u00bb button_style=\u00a0\u00bbregular\u00a0\u00bb button_color_2=\u00a0\u00bbAccent-Color\u00a0\u00bb icon_family=\u00a0\u00bbdefault_arrow\u00a0\u00bb url=\u00a0\u00bb\/about#team\u00a0\u00bb text=\u00a0\u00bbNotre \u00e9quipe\u00a0\u00bb][\/vc_column][vc_column column_padding=\u00a0\u00bbno-extra-padding\u00a0\u00bb column_padding_position=\u00a0\u00bball\u00a0\u00bb background_color_opacity=\u00a0\u00bb1&Prime; background_hover_color_opacity=\u00a0\u00bb1&Prime; column_shadow=\u00a0\u00bbnone\u00a0\u00bb width=\u00a0\u00bb1\/2&Prime; tablet_text_alignment=\u00a0\u00bbdefault\u00a0\u00bb phone_text_alignment=\u00a0\u00bbdefault\u00a0\u00bb column_border_width=\u00a0\u00bbnone\u00a0\u00bb column_border_style=\u00a0\u00bbsolid\u00a0\u00bb]<div class=\"img-with-aniamtion-wrap right\" data-max-width=\"100%\"><div class=\"inner\"><img loading=\"lazy\" decoding=\"async\" data-shadow=\"none\" data-shadow-direction=\"middle\" class=\"img-with-animation \" data-delay=\"0\" height=\"3000\" width=\"3000\" data-animation=\"fade-in-from-right\" src=\"https:\/\/numeraanalytics.com\/wp-content\/uploads\/Luciano-1.jpg\" srcset=\"https:\/\/numeraanalytics.com\/wp-content\/uploads\/Luciano-1.jpg 3000w, https:\/\/numeraanalytics.com\/wp-content\/uploads\/Luciano-1-150x150.jpg 150w, https:\/\/numeraanalytics.com\/wp-content\/uploads\/Luciano-1-300x300.jpg 300w, https:\/\/numeraanalytics.com\/wp-content\/uploads\/Luciano-1-768x768.jpg 768w, https:\/\/numeraanalytics.com\/wp-content\/uploads\/Luciano-1-1024x1024.jpg 1024w, https:\/\/numeraanalytics.com\/wp-content\/uploads\/Luciano-1-100x100.jpg 100w, https:\/\/numeraanalytics.com\/wp-content\/uploads\/Luciano-1-500x500.jpg 500w, https:\/\/numeraanalytics.com\/wp-content\/uploads\/Luciano-1-350x350.jpg 350w, https:\/\/numeraanalytics.com\/wp-content\/uploads\/Luciano-1-1000x1000.jpg 1000w\" sizes=\"100vw\" alt=\"\" \/><\/div><\/div>[\/vc_column][\/vc_row][vc_row type=\u00a0\u00bbfull_width_background\u00a0\u00bb full_screen_row_position=\u00a0\u00bbmiddle\u00a0\u00bb scene_position=\u00a0\u00bbcenter\u00a0\u00bb text_color=\u00a0\u00bbdark\u00a0\u00bb text_align=\u00a0\u00bbleft\u00a0\u00bb top_padding=\u00a0\u00bb55&Prime; bottom_padding=\u00a0\u00bb50&Prime; overlay_strength=\u00a0\u00bb0.3&Prime;][vc_column enable_animation=\u00a0\u00bbtrue\u00a0\u00bb animation=\u00a0\u00bbfade-in\u00a0\u00bb column_padding=\u00a0\u00bbno-extra-padding\u00a0\u00bb column_padding_position=\u00a0\u00bball\u00a0\u00bb background_color_opacity=\u00a0\u00bb1&Prime; background_hover_color_opacity=\u00a0\u00bb1&Prime; column_shadow=\u00a0\u00bbnone\u00a0\u00bb width=\u00a0\u00bb1\/3&Prime; tablet_text_alignment=\u00a0\u00bbdefault\u00a0\u00bb phone_text_alignment=\u00a0\u00bbdefault\u00a0\u00bb column_border_width=\u00a0\u00bbnone\u00a0\u00bb column_border_style=\u00a0\u00bbsolid\u00a0\u00bb delay=\u00a0\u00bb1050&Prime;][vc_column_text]\n<h3><i class=\"icon-default-style fa fa-bar-chart extra-color-1\"><\/i> <a href=\"\/marketanalysis\/\" rel=\"noopener\">Sectoral Analysis<\/a><\/h3>\n[\/vc_column_text][\/vc_column][vc_column enable_animation=\u00a0\u00bbtrue\u00a0\u00bb animation=\u00a0\u00bbfade-in\u00a0\u00bb column_padding=\u00a0\u00bbno-extra-padding\u00a0\u00bb column_padding_position=\u00a0\u00bball\u00a0\u00bb background_color_opacity=\u00a0\u00bb1&Prime; background_hover_color_opacity=\u00a0\u00bb1&Prime; column_shadow=\u00a0\u00bbnone\u00a0\u00bb width=\u00a0\u00bb1\/3&Prime; tablet_text_alignment=\u00a0\u00bbdefault\u00a0\u00bb phone_text_alignment=\u00a0\u00bbdefault\u00a0\u00bb column_border_width=\u00a0\u00bbnone\u00a0\u00bb column_border_style=\u00a0\u00bbsolid\u00a0\u00bb delay=\u00a0\u00bb1100&Prime;][vc_column_text]\n<h3><i class=\"icon-default-style fa fa-line-chart extra-color-1\"><\/i>\u00a0<a href=\"https:\/\/numeraanalytics.com\/fr\/recherchemacro-2\/\" rel=\"noopener\">Macro Research<\/a><\/h3>\n[\/vc_column_text][\/vc_column][vc_column enable_animation=\u00a0\u00bbtrue\u00a0\u00bb animation=\u00a0\u00bbfade-in\u00a0\u00bb column_padding=\u00a0\u00bbno-extra-padding\u00a0\u00bb column_padding_position=\u00a0\u00bball\u00a0\u00bb background_color_opacity=\u00a0\u00bb1&Prime; background_hover_color_opacity=\u00a0\u00bb1&Prime; column_shadow=\u00a0\u00bbnone\u00a0\u00bb width=\u00a0\u00bb1\/3&Prime; tablet_text_alignment=\u00a0\u00bbdefault\u00a0\u00bb phone_text_alignment=\u00a0\u00bbdefault\u00a0\u00bb column_border_width=\u00a0\u00bbnone\u00a0\u00bb column_border_style=\u00a0\u00bbsolid\u00a0\u00bb delay=\u00a0\u00bb1150&Prime;][vc_column_text]\n<h3><i class=\"icon-default-style fa fa-search-plus extra-color-1\"><\/i> <a href=\"https:\/\/numeraanalytics.com\/fr\/recherche-personnalisee\/\" rel=\"noopener\">Custom Research<\/a><\/h3>\n[\/vc_column_text][\/vc_column][\/vc_row]\n","protected":false},"excerpt":{"rendered":"<p>[vc_row type=\u00a0\u00bbfull_width_background\u00a0\u00bb full_screen_row_position=\u00a0\u00bbmiddle\u00a0\u00bb bg_color=\u00a0\u00bb#f2f2f2&Prime; scene_position=\u00a0\u00bbcenter\u00a0\u00bb text_color=\u00a0\u00bbdark\u00a0\u00bb text_align=\u00a0\u00bbleft\u00a0\u00bb overlay_strength=\u00a0\u00bb0.3&Prime;][vc_column enable_animation=\u00a0\u00bbtrue\u00a0\u00bb animation=\u00a0\u00bbfade-in-from-bottom\u00a0\u00bb column_padding=\u00a0\u00bbno-extra-padding\u00a0\u00bb column_padding_position=\u00a0\u00bball\u00a0\u00bb background_color_opacity=\u00a0\u00bb1&Prime; background_hover_color_opacity=\u00a0\u00bb1&Prime; column_shadow=\u00a0\u00bbnone\u00a0\u00bb width=\u00a0\u00bb1\/2&Prime; tablet_text_alignment=\u00a0\u00bbdefault\u00a0\u00bb phone_text_alignment=\u00a0\u00bbdefault\u00a0\u00bb column_border_width=\u00a0\u00bbnone\u00a0\u00bb column_border_style=\u00a0\u00bbsolid\u00a0\u00bb delay=\u00a0\u00bb500&Prime;][vc_column_text] Luciano Campos \u00c9CONOMISTE PRINCIPAL Luciano Campos est \u00e9conomiste principal au sein de l&rsquo;\u00e9quipe de recherche macro\u00e9conomique de Numera. Il est responsable de la production des rapports Macro Perspectives de Numera. Au-del\u00e0 de son implication dans la recherche \u00e9conomique, il est responsable de la construction des mod\u00e8les \u00e9conom\u00e9triques pour les analyses structurelles et les pr\u00e9visions. Luciano a plus de 15&#8230;<\/p>\n","protected":false},"author":10,"featured_media":0,"parent":0,"menu_order":0,"comment_status":"closed","ping_status":"closed","template":"","meta":{"footnotes":""},"_links":{"self":[{"href":"https:\/\/numeraanalytics.com\/fr\/wp-json\/wp\/v2\/pages\/18563"}],"collection":[{"href":"https:\/\/numeraanalytics.com\/fr\/wp-json\/wp\/v2\/pages"}],"about":[{"href":"https:\/\/numeraanalytics.com\/fr\/wp-json\/wp\/v2\/types\/page"}],"author":[{"embeddable":true,"href":"https:\/\/numeraanalytics.com\/fr\/wp-json\/wp\/v2\/users\/10"}],"replies":[{"embeddable":true,"href":"https:\/\/numeraanalytics.com\/fr\/wp-json\/wp\/v2\/comments?post=18563"}],"version-history":[{"count":4,"href":"https:\/\/numeraanalytics.com\/fr\/wp-json\/wp\/v2\/pages\/18563\/revisions"}],"predecessor-version":[{"id":20651,"href":"https:\/\/numeraanalytics.com\/fr\/wp-json\/wp\/v2\/pages\/18563\/revisions\/20651"}],"wp:attachment":[{"href":"https:\/\/numeraanalytics.com\/fr\/wp-json\/wp\/v2\/media?parent=18563"}],"curies":[{"name":"wp","href":"https:\/\/api.w.org\/{rel}","templated":true}]}}