{"id":10711,"date":"2022-03-03T07:12:18","date_gmt":"2022-03-03T12:12:18","guid":{"rendered":"https:\/\/numeraanalytics.com\/?page_id=10711"},"modified":"2024-04-09T16:10:18","modified_gmt":"2024-04-09T20:10:18","slug":"bethany-startin","status":"publish","type":"page","link":"https:\/\/numeraanalytics.com\/fr\/bethany-startin\/","title":{"rendered":"Bethany Startin"},"content":{"rendered":"[vc_row type=\u00a0\u00bbfull_width_background\u00a0\u00bb full_screen_row_position=\u00a0\u00bbmiddle\u00a0\u00bb bg_color=\u00a0\u00bb#f2f2f2&Prime; scene_position=\u00a0\u00bbcenter\u00a0\u00bb text_color=\u00a0\u00bbdark\u00a0\u00bb text_align=\u00a0\u00bbleft\u00a0\u00bb overlay_strength=\u00a0\u00bb0.3&Prime;][vc_column enable_animation=\u00a0\u00bbtrue\u00a0\u00bb animation=\u00a0\u00bbfade-in-from-bottom\u00a0\u00bb column_padding=\u00a0\u00bbno-extra-padding\u00a0\u00bb column_padding_position=\u00a0\u00bball\u00a0\u00bb background_color_opacity=\u00a0\u00bb1&Prime; background_hover_color_opacity=\u00a0\u00bb1&Prime; column_shadow=\u00a0\u00bbnone\u00a0\u00bb width=\u00a0\u00bb1\/2&Prime; tablet_text_alignment=\u00a0\u00bbdefault\u00a0\u00bb phone_text_alignment=\u00a0\u00bbdefault\u00a0\u00bb column_border_width=\u00a0\u00bbnone\u00a0\u00bb column_border_style=\u00a0\u00bbsolid\u00a0\u00bb delay=\u00a0\u00bb500&Prime;]<div class=\"divider-wrap\"><div style=\"height: 100px;\" class=\"divider\"><\/div><\/div>[vc_column_text]\n<h3>Bethany Startin<\/h3>\n<h4 class=\"title\">R\u00c9DACTRICE EN CHEF<\/h4>\n<div class=\"team-desc\">\n<p>En tant que r\u00e9dactrice en chef, Bethany Startin est responsable du contenu \u00e9ditorial des publications de l\u2019\u00e9quipe de recherche macro\u00e9conomique de Numera.<\/p>\n<p>Avant de se joindre \u00e0 Numera, Bethany \u00e9tait r\u00e9dactrice senior au sein de Morningstar Sustainalytics, o\u00f9 elle a cr\u00e9\u00e9 et \u00e9tait responsable du guide stylistique. Elle a \u00e9galement occup\u00e9 des r\u00f4les de r\u00e9daction chez NN Investment Partners (aujourd\u2019hui Goldman Sachs Asset Management) et Morningstar. Elle d\u00e9tient une ma\u00eetrise en cr\u00e9ation litt\u00e9raire de l\u2019Universit\u00e9 de l\u2019Alabama et un baccalaur\u00e9at en Anglais et en cr\u00e9ation litt\u00e9raire de l\u2019Universit\u00e9 de Warwick.<\/p>\n<p>&nbsp;<\/p>\n<\/div>\n[\/vc_column_text][nectar_btn size=\u00a0\u00bbmedium\u00a0\u00bb button_style=\u00a0\u00bbregular\u00a0\u00bb button_color_2=\u00a0\u00bbAccent-Color\u00a0\u00bb icon_family=\u00a0\u00bbdefault_arrow\u00a0\u00bb url=\u00a0\u00bb\/fr\/a-propos#equipe\u00a0\u00bb text=\u00a0\u00bbNotre \u00e9quipe\u00a0\u00bb][\/vc_column][vc_column column_padding=\u00a0\u00bbno-extra-padding\u00a0\u00bb column_padding_position=\u00a0\u00bball\u00a0\u00bb background_color_opacity=\u00a0\u00bb1&Prime; background_hover_color_opacity=\u00a0\u00bb1&Prime; column_shadow=\u00a0\u00bbnone\u00a0\u00bb width=\u00a0\u00bb1\/2&Prime; tablet_text_alignment=\u00a0\u00bbdefault\u00a0\u00bb phone_text_alignment=\u00a0\u00bbdefault\u00a0\u00bb column_border_width=\u00a0\u00bbnone\u00a0\u00bb column_border_style=\u00a0\u00bbsolid\u00a0\u00bb]<div class=\"img-with-aniamtion-wrap right\" data-max-width=\"100%\"><div class=\"inner\"><img loading=\"lazy\" decoding=\"async\" data-shadow=\"none\" data-shadow-direction=\"middle\" class=\"img-with-animation \" data-delay=\"0\" height=\"480\" width=\"600\" data-animation=\"fade-in-from-right\" src=\"https:\/\/numeraanalytics.com\/wp-content\/uploads\/bethany-startin-600-e1760626173437.jpg\" srcset=\"https:\/\/numeraanalytics.com\/wp-content\/uploads\/bethany-startin-600-e1760626173437.jpg 600w, https:\/\/numeraanalytics.com\/wp-content\/uploads\/bethany-startin-600-e1760626173437-300x240.jpg 300w\" sizes=\"100vw\" alt=\"\" \/><\/div><\/div>[\/vc_column][\/vc_row][vc_row type=\u00a0\u00bbfull_width_background\u00a0\u00bb full_screen_row_position=\u00a0\u00bbmiddle\u00a0\u00bb scene_position=\u00a0\u00bbcenter\u00a0\u00bb text_color=\u00a0\u00bbdark\u00a0\u00bb text_align=\u00a0\u00bbleft\u00a0\u00bb top_padding=\u00a0\u00bb55&Prime; bottom_padding=\u00a0\u00bb50&Prime; overlay_strength=\u00a0\u00bb0.3&Prime;][vc_column enable_animation=\u00a0\u00bbtrue\u00a0\u00bb animation=\u00a0\u00bbfade-in\u00a0\u00bb column_padding=\u00a0\u00bbno-extra-padding\u00a0\u00bb column_padding_position=\u00a0\u00bball\u00a0\u00bb background_color_opacity=\u00a0\u00bb1&Prime; background_hover_color_opacity=\u00a0\u00bb1&Prime; column_shadow=\u00a0\u00bbnone\u00a0\u00bb width=\u00a0\u00bb1\/4&Prime; tablet_text_alignment=\u00a0\u00bbdefault\u00a0\u00bb phone_text_alignment=\u00a0\u00bbdefault\u00a0\u00bb column_border_width=\u00a0\u00bbnone\u00a0\u00bb column_border_style=\u00a0\u00bbsolid\u00a0\u00bb delay=\u00a0\u00bb1050&Prime;][vc_column_text]\n<h3><i class=\"icon-default-style fa fa-bar-chart extra-color-1\"><\/i>\u00a0<a href=\"\/fr\/analyse-de-marche\/\">Analyse de march\u00e9<\/a><\/h3>\n[\/vc_column_text][\/vc_column][vc_column enable_animation=\u00a0\u00bbtrue\u00a0\u00bb animation=\u00a0\u00bbfade-in\u00a0\u00bb column_padding=\u00a0\u00bbno-extra-padding\u00a0\u00bb column_padding_position=\u00a0\u00bball\u00a0\u00bb background_color_opacity=\u00a0\u00bb1&Prime; background_hover_color_opacity=\u00a0\u00bb1&Prime; column_shadow=\u00a0\u00bbnone\u00a0\u00bb width=\u00a0\u00bb1\/4&Prime; tablet_text_alignment=\u00a0\u00bbdefault\u00a0\u00bb phone_text_alignment=\u00a0\u00bbdefault\u00a0\u00bb column_border_width=\u00a0\u00bbnone\u00a0\u00bb column_border_style=\u00a0\u00bbsolid\u00a0\u00bb delay=\u00a0\u00bb1100&Prime;][vc_column_text]\n<h3><i class=\"icon-default-style fa fa-line-chart extra-color-1\"><\/i>\u00a0<a href=\"https:\/\/numeraanalytics.com\/fr\/macroeconomie\/\">Macro\u00e9conomie<\/a><\/h3>\n[\/vc_column_text][\/vc_column][vc_column enable_animation=\u00a0\u00bbtrue\u00a0\u00bb animation=\u00a0\u00bbfade-in\u00a0\u00bb column_padding=\u00a0\u00bbno-extra-padding\u00a0\u00bb column_padding_position=\u00a0\u00bball\u00a0\u00bb background_color_opacity=\u00a0\u00bb1&Prime; background_hover_color_opacity=\u00a0\u00bb1&Prime; column_shadow=\u00a0\u00bbnone\u00a0\u00bb width=\u00a0\u00bb1\/4&Prime; tablet_text_alignment=\u00a0\u00bbdefault\u00a0\u00bb phone_text_alignment=\u00a0\u00bbdefault\u00a0\u00bb column_border_width=\u00a0\u00bbnone\u00a0\u00bb column_border_style=\u00a0\u00bbsolid\u00a0\u00bb delay=\u00a0\u00bb1150&Prime;][vc_column_text]\n<h3><i class=\"icon-default-style fa fa-search-plus extra-color-1\"><\/i>\u00a0<a href=\"https:\/\/numeraanalytics.com\/fr\/recherche-personnalisee\/\">Recherche personalis\u00e9e<\/a><\/h3>\n[\/vc_column_text][\/vc_column][vc_column enable_animation=\u00a0\u00bbtrue\u00a0\u00bb animation=\u00a0\u00bbfade-in\u00a0\u00bb column_padding=\u00a0\u00bbno-extra-padding\u00a0\u00bb column_padding_position=\u00a0\u00bball\u00a0\u00bb background_color_opacity=\u00a0\u00bb1&Prime; background_hover_color_opacity=\u00a0\u00bb1&Prime; column_shadow=\u00a0\u00bbnone\u00a0\u00bb width=\u00a0\u00bb1\/4&Prime; tablet_text_alignment=\u00a0\u00bbdefault\u00a0\u00bb phone_text_alignment=\u00a0\u00bbdefault\u00a0\u00bb column_border_width=\u00a0\u00bbnone\u00a0\u00bb column_border_style=\u00a0\u00bbsolid\u00a0\u00bb delay=\u00a0\u00bb1200&Prime;][vc_column_text]\n<h3><i class=\"icon-default-style fa fa-lightbulb-o extra-color-1\"><\/i>\u00a0<a href=\"https:\/\/numeraanalytics.com\/fr\/equipe-quantitative\/\">\u00c9quipe Quantitative<\/a><\/h3>\n[\/vc_column_text][\/vc_column][\/vc_row]\n","protected":false},"excerpt":{"rendered":"<p>[vc_row type=\u00a0\u00bbfull_width_background\u00a0\u00bb full_screen_row_position=\u00a0\u00bbmiddle\u00a0\u00bb bg_color=\u00a0\u00bb#f2f2f2&Prime; scene_position=\u00a0\u00bbcenter\u00a0\u00bb text_color=\u00a0\u00bbdark\u00a0\u00bb text_align=\u00a0\u00bbleft\u00a0\u00bb overlay_strength=\u00a0\u00bb0.3&Prime;][vc_column enable_animation=\u00a0\u00bbtrue\u00a0\u00bb animation=\u00a0\u00bbfade-in-from-bottom\u00a0\u00bb column_padding=\u00a0\u00bbno-extra-padding\u00a0\u00bb column_padding_position=\u00a0\u00bball\u00a0\u00bb background_color_opacity=\u00a0\u00bb1&Prime; background_hover_color_opacity=\u00a0\u00bb1&Prime; column_shadow=\u00a0\u00bbnone\u00a0\u00bb width=\u00a0\u00bb1\/2&Prime; tablet_text_alignment=\u00a0\u00bbdefault\u00a0\u00bb phone_text_alignment=\u00a0\u00bbdefault\u00a0\u00bb column_border_width=\u00a0\u00bbnone\u00a0\u00bb column_border_style=\u00a0\u00bbsolid\u00a0\u00bb delay=\u00a0\u00bb500&Prime;][vc_column_text] Bethany Startin R\u00c9DACTRICE EN CHEF En tant que r\u00e9dactrice en chef, Bethany Startin est responsable du contenu \u00e9ditorial des publications de l\u2019\u00e9quipe de recherche macro\u00e9conomique de Numera. Avant de se joindre \u00e0 Numera, Bethany \u00e9tait r\u00e9dactrice senior au sein de Morningstar Sustainalytics, o\u00f9 elle a cr\u00e9\u00e9 et \u00e9tait responsable du guide stylistique. Elle a \u00e9galement occup\u00e9 des r\u00f4les de&#8230;<\/p>\n","protected":false},"author":10,"featured_media":0,"parent":0,"menu_order":0,"comment_status":"closed","ping_status":"closed","template":"","meta":{"footnotes":""},"_links":{"self":[{"href":"https:\/\/numeraanalytics.com\/fr\/wp-json\/wp\/v2\/pages\/10711"}],"collection":[{"href":"https:\/\/numeraanalytics.com\/fr\/wp-json\/wp\/v2\/pages"}],"about":[{"href":"https:\/\/numeraanalytics.com\/fr\/wp-json\/wp\/v2\/types\/page"}],"author":[{"embeddable":true,"href":"https:\/\/numeraanalytics.com\/fr\/wp-json\/wp\/v2\/users\/10"}],"replies":[{"embeddable":true,"href":"https:\/\/numeraanalytics.com\/fr\/wp-json\/wp\/v2\/comments?post=10711"}],"version-history":[{"count":6,"href":"https:\/\/numeraanalytics.com\/fr\/wp-json\/wp\/v2\/pages\/10711\/revisions"}],"predecessor-version":[{"id":20465,"href":"https:\/\/numeraanalytics.com\/fr\/wp-json\/wp\/v2\/pages\/10711\/revisions\/20465"}],"wp:attachment":[{"href":"https:\/\/numeraanalytics.com\/fr\/wp-json\/wp\/v2\/media?parent=10711"}],"curies":[{"name":"wp","href":"https:\/\/api.w.org\/{rel}","templated":true}]}}